{"id":1847,"date":"2025-10-02T10:36:35","date_gmt":"2025-10-02T08:36:35","guid":{"rendered":"https:\/\/teneriferealty.es\/avis-juridique\/"},"modified":"2026-01-23T13:34:49","modified_gmt":"2026-01-23T12:34:49","slug":"avis-juridique","status":"publish","type":"page","link":"https:\/\/teneriferealty.es\/fr\/avis-juridique\/","title":{"rendered":"Avis juridique"},"content":{"rendered":"\t\t<div data-elementor-type=\"wp-page\" data-elementor-id=\"1847\" class=\"elementor elementor-1847 elementor-554\" data-elementor-post-type=\"page\">\n\t\t\t\t\t\t<section class=\"elementor-section elementor-top-section elementor-element elementor-element-cafe6e0 elementor-section-height-min-height elementor-section-boxed elementor-section-height-default elementor-section-items-middle\" data-id=\"cafe6e0\" data-element_type=\"section\" data-settings=\"{&quot;background_background&quot;:&quot;classic&quot;}\">\n\t\t\t\t\t\t\t<div class=\"elementor-background-overlay\"><\/div>\n\t\t\t\t\t\t\t<div class=\"elementor-container elementor-column-gap-default\">\n\t\t\t\t\t<div class=\"elementor-column elementor-col-100 elementor-top-column elementor-element elementor-element-568aee4\" data-id=\"568aee4\" data-element_type=\"column\">\n\t\t\t<div class=\"elementor-widget-wrap elementor-element-populated\">\n\t\t\t\t\t\t<div class=\"elementor-element elementor-element-8060b8f elementor-widget elementor-widget-heading\" data-id=\"8060b8f\" data-element_type=\"widget\" data-widget_type=\"heading.default\">\n\t\t\t\t\t<h1 class=\"elementor-heading-title elementor-size-default\">Avis juridique<\/h1>\t\t\t\t<\/div>\n\t\t\t\t\t<\/div>\n\t\t<\/div>\n\t\t\t\t\t<\/div>\n\t\t<\/section>\n\t\t\t\t<section class=\"elementor-section elementor-top-section elementor-element elementor-element-4a3a9c24 elementor-section-boxed elementor-section-height-default elementor-section-height-default\" data-id=\"4a3a9c24\" data-element_type=\"section\">\n\t\t\t\t\t\t<div class=\"elementor-container elementor-column-gap-default\">\n\t\t\t\t\t<div class=\"elementor-column elementor-col-100 elementor-top-column elementor-element elementor-element-56c2595f\" data-id=\"56c2595f\" data-element_type=\"column\">\n\t\t\t<div class=\"elementor-widget-wrap elementor-element-populated\">\n\t\t\t\t\t\t<div class=\"elementor-element elementor-element-3c2b6c4 elementor-widget elementor-widget-text-editor\" data-id=\"3c2b6c4\" data-element_type=\"widget\" data-widget_type=\"text-editor.default\">\n\t\t\t\t\t\t\t\t\t<p style=\"text-align: justify;\"><strong style=\"text-transform: uppercase;\">Identification de la personne responsable du site web<\/strong><\/p><p style=\"text-align: justify;\">Les pr\u00e9sentes dispositions r\u00e9gissent l&rsquo;utilisation du service du portail Internet teneriferealty.es, domaine appartenant \u00e0 <strong>TENERIFE REALTY SL<\/strong> avec N.I.F. B76777911, adresse postale \u00e0 Plaza Patricio Garc\u00eda, 6 &#8211; 38300 La Orotava (Santa Cruz de Tenerife) Espagne, t\u00e9l\u00e9phone <a href=\"tel:+34961651060\">+34 961 65 10 60<\/a> et e-mail <a href=\"mailto:teneriferealty.sl@gmail.com\">teneriferealty.sl@gmail.com<\/a>.<\/p><p style=\"text-align: justify;\">Il s&rsquo;agit d&rsquo;un site web que l&rsquo;entreprise susmentionn\u00e9e met \u00e0 la disposition des internautes, ce qui implique l&rsquo;utilisation de ce portail et l&rsquo;acceptation par l&rsquo;utilisateur des conditions d&rsquo;utilisation incluses dans le pr\u00e9sent avis.<\/p><p style=\"text-align: justify;\">Le propri\u00e9taire pr\u00e9vient que les contenus et les services de ce site, ainsi que les conditions d&rsquo;utilisation, peuvent \u00eatre modifi\u00e9s sans pr\u00e9avis. En outre, il informe qu&rsquo;il peut r\u00e9silier, suspendre ou interrompre, \u00e0 tout moment et sans pr\u00e9avis, l&rsquo;acc\u00e8s aux contenus de la page, sans que l&rsquo;utilisateur puisse pr\u00e9tendre \u00e0 une quelconque indemnisation. <\/p><p style=\"text-align: justify;\">Si vous n&rsquo;acceptez pas les clauses \u00e9nonc\u00e9es dans le pr\u00e9sent avis juridique, vous devez vous abstenir d&rsquo;acc\u00e9der et\/ou d&rsquo;utiliser les services et\/ou les contenus mis \u00e0 votre disposition sur ce portail, et vous devez le quitter.<\/p><p style=\"text-align: justify;\"><strong style=\"text-transform: uppercase;\">Propri\u00e9t\u00e9 intellectuelle et industrielle<\/strong><\/p><p style=\"text-align: justify;\">Tous les contenus de ce site web, y compris les textes, photographies, graphiques, images, ic\u00f4nes, technologies, logiciels, liens et autres contenus audiovisuels ou sonores, ainsi que sa conception graphique et ses codes sources, sont la propri\u00e9t\u00e9 du titulaire ou de tiers, et aucun des droits d&rsquo;exploitation reconnus par la l\u00e9gislation en vigueur en mati\u00e8re de propri\u00e9t\u00e9 intellectuelle sur ces derniers ne peut \u00eatre consid\u00e9r\u00e9 comme transf\u00e9r\u00e9 \u00e0 l&rsquo;utilisateur, \u00e0 l&rsquo;exception de ceux qui sont strictement n\u00e9cessaires \u00e0 l&rsquo;utilisation du portail.<\/p><p style=\"text-align: justify;\">Les marques, noms commerciaux ou signes distinctifs sont la propri\u00e9t\u00e9 du titulaire ou de tiers, et l&rsquo;acc\u00e8s au portail ne peut \u00eatre interpr\u00e9t\u00e9 comme l&rsquo;attribution d&rsquo;un quelconque droit sur les marques, noms commerciaux ou signes distinctifs susmentionn\u00e9s.<\/p><p style=\"text-align: justify;\">Le propri\u00e9taire ne garantit pas que le contenu est exact ou exempt d&rsquo;erreurs, ni que la libre utilisation du contenu par l&rsquo;utilisateur n&rsquo;enfreint pas les droits de tiers. L&rsquo;utilisation correcte ou incorrecte de ce site web et de son contenu se fait aux risques et p\u00e9rils de l&rsquo;utilisateur. <\/p><p style=\"text-align: justify;\">De m\u00eame, la reproduction, la retransmission, la copie, le transfert ou la rediffusion, en tout ou en partie, des informations contenues dans le site, \u00e0 quelque fin que ce soit et par quelque moyen que ce soit, sont interdits sans l&rsquo;autorisation pr\u00e9alable du responsable.<\/p><p style=\"text-align: justify;\"><strong style=\"text-transform: uppercase;\">Conditions d&rsquo;utilisation du portail<\/strong><\/p><p style=\"text-align: justify;\">a) L&rsquo;utilisateur est tenu de ne pas utiliser le site web pour r\u00e9aliser des activit\u00e9s contraires \u00e0 la loi, \u00e0 la morale, \u00e0 l&rsquo;ordre public et, en g\u00e9n\u00e9ral, il est tenu d&rsquo;utiliser correctement le portail conform\u00e9ment aux dispositions l\u00e9gales et aux clauses du pr\u00e9sent avis juridique, et il est responsable envers le propri\u00e9taire des dommages qui pourraient r\u00e9sulter du non-respect de cette obligation.<\/p><p style=\"text-align: justify;\">b) Contenu<\/p><p style=\"text-align: justify;\">L&rsquo;utilisateur s&rsquo;engage \u00e0 utiliser les contenus de ce site Web conform\u00e9ment aux dispositions du pr\u00e9sent avis juridique, en s&rsquo;abstenant de reproduire, copier, distribuer, mettre \u00e0 disposition, communiquer publiquement, transformer ou modifier les contenus, sauf dans les cas autoris\u00e9s par la loi ou express\u00e9ment consentis par le propri\u00e9taire.<\/p><p style=\"text-align: justify;\">Le contenu des services propos\u00e9s et leur utilisation sont r\u00e9serv\u00e9s aux utilisateurs de plus de 18 ans. Il est rappel\u00e9 aux utilisateurs de plus de 18 ans qui sont responsables de mineurs qu&rsquo;il est de leur seule responsabilit\u00e9 de d\u00e9terminer quels services et\/ou contenus ne sont pas adapt\u00e9s \u00e0 leur \u00e2ge. En cas d&rsquo;acc\u00e8s et d&rsquo;inscription d&rsquo;un mineur, il sera pr\u00e9sum\u00e9 que cet acc\u00e8s a \u00e9t\u00e9 r\u00e9alis\u00e9 avec l&rsquo;autorisation pr\u00e9alable et expresse de ses parents, tuteurs ou repr\u00e9sentants l\u00e9gaux, le titulaire se r\u00e9servant le droit de proc\u00e9der \u00e0 toutes les v\u00e9rifications et \u00e0 tous les contr\u00f4les qu&rsquo;il jugera opportuns \u00e0 cet \u00e9gard.  <\/p><p style=\"text-align: justify;\">c) Formulaires de collecte de donn\u00e9es<\/p><p style=\"text-align: justify;\">Sans pr\u00e9judice des dispositions de la clause relative \u00e0 la protection des donn\u00e9es personnelles, toutes les informations fournies par l&rsquo;utilisateur \u00e0 travers les formulaires du portail doivent \u00eatre v\u00e9ridiques, garantissant l&rsquo;authenticit\u00e9 de toutes les donn\u00e9es fournies, et l&rsquo;utilisateur est seul responsable des d\u00e9clarations fausses ou inexactes qu&rsquo;il fait et des dommages qui peuvent en r\u00e9sulter.<\/p><p style=\"text-align: justify;\">d) Introduction de liens<\/p><p style=\"text-align: justify;\">Cette page peut inclure des liens vers des sites de tiers. Nous rappelons que les pages appartenant \u00e0 ces tiers n&rsquo;ont pas \u00e9t\u00e9 examin\u00e9es ou ne font pas l&rsquo;objet de contr\u00f4les de la part du propri\u00e9taire de ce site web, qui ne peut donc \u00eatre tenu responsable du contenu de ces sites web, ni des mesures prises concernant votre vie priv\u00e9e ou le traitement de vos donn\u00e9es personnelles ou autres qui pourraient en d\u00e9couler. <\/p><p style=\"text-align: justify;\">L&rsquo;utilisateur qui souhaite ins\u00e9rer des liens \u00e0 partir des pages de sa propri\u00e9t\u00e9 doit obtenir l&rsquo;autorisation expresse et respecter les conditions \u00e9nonc\u00e9es ci-dessous :<\/p><p style=\"text-align: justify;\">Le lien renverra uniquement \u00e0 la page d&rsquo;accueil du portail, mais ne pourra pas la reproduire sous quelque forme que ce soit.<\/p><p style=\"text-align: justify;\">Il est en tout cas interdit, conform\u00e9ment \u00e0 la l\u00e9gislation applicable, d&rsquo;\u00e9tablir des cadres de toute nature qui permettent la visualisation des contenus \u00e0 travers des adresses Internet autres que celles du portail et, dans tous les cas, lorsque les contenus sont visualis\u00e9s conjointement avec ceux qui se trouvent en dehors du portail de telle sorte que :<\/p><ul style=\"text-align: justify;\"><li>produit ou est susceptible de produire une erreur, une confusion ou une tromperie chez les utilisateurs quant \u00e0 l&rsquo;origine r\u00e9elle du service.<\/li><li>Supposer un acte de comparaison ou d&rsquo;imitation d\u00e9loyale.<\/li><li>Il sert \u00e0 renforcer la r\u00e9putation et le prestige de la marque de l&rsquo;entreprise ou du professionnel.<\/li><\/ul><p style=\"text-align: justify;\">Toutefois, le propri\u00e9taire se r\u00e9serve le droit de s&rsquo;opposer \u00e0 l&rsquo;activation de liens vers son site web.<\/p><p style=\"text-align: justify;\"><strong style=\"text-transform: uppercase;\">Exclusion de la responsabilit\u00e9<\/strong><\/p><p style=\"text-align: justify;\">Le propri\u00e9taire de ce portail agit exclusivement en tant que responsable de la page en sa qualit\u00e9 de fournisseur d&rsquo;un service d&rsquo;information et de contenu, soit sur ses propres services, soit sur les services de tiers avec lesquels il a sign\u00e9 des accords, et n&rsquo;assume aucune responsabilit\u00e9 pour les contenus que, contrairement \u00e0 ces conditions, les utilisateurs peuvent envoyer ou publier, l&rsquo;utilisateur \u00e9tant seul responsable de la v\u00e9racit\u00e9 et de la l\u00e9galit\u00e9 de ces derniers. Elle n&rsquo;est pas non plus responsable des d\u00e9cisions prises sur la base des informations fournies sur le portail, ni des dommages caus\u00e9s par l&rsquo;utilisateur ou des tiers \u00e0 la suite d&rsquo;actions ayant pour seul fondement les informations obtenues sur le portail. <\/p><p style=\"text-align: justify;\">En particulier, le titulaire n&rsquo;est pas non plus responsable :<\/p><ul style=\"text-align: justify;\"><li>La qualit\u00e9 du service, la rapidit\u00e9 d&rsquo;acc\u00e8s, le bon fonctionnement et la disponibilit\u00e9 et la continuit\u00e9 du fonctionnement du site web.<\/li><li>Les dommages qui pourraient \u00eatre caus\u00e9s \u00e0 l&rsquo;\u00e9quipement de l&rsquo;utilisateur par l&rsquo;utilisation du site.<\/li><li>les cas o\u00f9 un tiers, en violation des mesures de s\u00e9curit\u00e9 \u00e9tablies, acc\u00e8de aux messages ou les utilise pour transmettre des virus informatiques.<\/li><li>les vices et d\u00e9fauts de toute nature dans le contenu transmis, diffus\u00e9, stock\u00e9 ou mis \u00e0 disposition.<\/li><li>La l\u00e9galit\u00e9, la fiabilit\u00e9 et l&rsquo;utilit\u00e9 des contenus que les utilisateurs transmettent par l&rsquo;interm\u00e9diaire du site web ou des services qui y sont propos\u00e9s, ainsi que leur v\u00e9racit\u00e9 ou leur exactitude.<\/li><\/ul><p style=\"text-align: justify;\">A titre d&rsquo;exemple et sans limitation, l&rsquo;utilisateur est responsable de :<\/p><ul style=\"text-align: justify;\"><li>du contenu qu&rsquo;ils saisissent, en particulier des donn\u00e9es et informations saisies et envoy\u00e9es via le portail web.<\/li><li>De r\u00e9aliser tout type d&rsquo;action sur les pages de tiers, ou des actions illicites, pr\u00e9judiciables aux droits, nocives et\/ou dommageables.<\/li><\/ul><p style=\"text-align: justify;\">Le non-respect de l&rsquo;une des obligations susmentionn\u00e9es par l&rsquo;utilisateur peut entra\u00eener l&rsquo;adoption de mesures appropri\u00e9es prot\u00e9g\u00e9es par la loi et dans l&rsquo;exercice de leurs droits ou obligations par l&rsquo;entreprise, ce qui peut conduire \u00e0 la suppression ou au blocage du compte de l&rsquo;utilisateur incrimin\u00e9, sans possibilit\u00e9 d&rsquo;indemnisation pour les dommages caus\u00e9s.<\/p><p style=\"text-align: justify;\"><strong style=\"text-transform: uppercase;\">L\u00e9gislation<\/strong><\/p><p style=\"text-align: justify;\">Le pr\u00e9sent avis juridique est r\u00e9gi en chacun de ses points, et pour ce qui n&rsquo;y est pas sp\u00e9cifi\u00e9, par la l\u00e9gislation espagnole en vigueur.<\/p>\t\t\t\t\t\t\t\t<\/div>\n\t\t\t\t\t<\/div>\n\t\t<\/div>\n\t\t\t\t\t<\/div>\n\t\t<\/section>\n\t\t\t\t<\/div>\n\t\t","protected":false},"excerpt":{"rendered":"<p>Avis juridique Identification de la personne responsable du site web Les pr\u00e9sentes dispositions r\u00e9gissent l&rsquo;utilisation du service du portail Internet [&hellip;]<\/p>\n","protected":false},"author":1,"featured_media":0,"parent":0,"menu_order":0,"comment_status":"closed","ping_status":"closed","template":"","meta":{"_acf_changed":false,"site-sidebar-layout":"no-sidebar","site-content-layout":"","ast-site-content-layout":"full-width-container","site-content-style":"default","site-sidebar-style":"default","ast-global-header-display":"","ast-banner-title-visibility":"disabled","ast-main-header-display":"","ast-hfb-above-header-display":"","ast-hfb-below-header-display":"","ast-hfb-mobile-header-display":"","site-post-title":"disabled","ast-breadcrumbs-content":"disabled","ast-featured-img":"disabled","footer-sml-layout":"","theme-transparent-header-meta":"default","adv-header-id-meta":"","stick-header-meta":"","header-above-stick-meta":"","header-main-stick-meta":"","header-below-stick-meta":"","astra-migrate-meta-layouts":"set","ast-page-background-enabled":"default","ast-page-background-meta":{"desktop":{"background-color":"var(--ast-global-color-5)","background-image":"","background-repeat":"repeat","background-position":"center center","background-size":"auto","background-attachment":"scroll","background-type":"","background-media":"","overlay-type":"","overlay-color":"","overlay-opacity":"","overlay-gradient":""},"tablet":{"background-color":"","background-image":"","background-repeat":"repeat","background-position":"center center","background-size":"auto","background-attachment":"scroll","background-type":"","background-media":"","overlay-type":"","overlay-color":"","overlay-opacity":"","overlay-gradient":""},"mobile":{"background-color":"","background-image":"","background-repeat":"repeat","background-position":"center center","background-size":"auto","background-attachment":"scroll","background-type":"","background-media":"","overlay-type":"","overlay-color":"","overlay-opacity":"","overlay-gradient":""}},"ast-content-background-meta":{"desktop":{"background-color":"var(--ast-global-color-4)","background-image":"","background-repeat":"repeat","background-position":"center center","background-size":"auto","background-attachment":"scroll","background-type":"","background-media":"","overlay-type":"","overlay-color":"","overlay-opacity":"","overlay-gradient":""},"tablet":{"background-color":"var(--ast-global-color-4)","background-image":"","background-repeat":"repeat","background-position":"center center","background-size":"auto","background-attachment":"scroll","background-type":"","background-media":"","overlay-type":"","overlay-color":"","overlay-opacity":"","overlay-gradient":""},"mobile":{"background-color":"var(--ast-global-color-4)","background-image":"","background-repeat":"repeat","background-position":"center center","background-size":"auto","background-attachment":"scroll","background-type":"","background-media":"","overlay-type":"","overlay-color":"","overlay-opacity":"","overlay-gradient":""}},"_joinchat":[],"footnotes":""},"class_list":["post-1847","page","type-page","status-publish","hentry"],"acf":[],"yoast_head":"<!-- This site is optimized with the Yoast SEO plugin v25.8 - https:\/\/yoast.com\/wordpress\/plugins\/seo\/ -->\n<title>Avis juridique - Tenerife Realty<\/title>\n<meta name=\"robots\" content=\"index, follow, max-snippet:-1, max-image-preview:large, max-video-preview:-1\" \/>\n<link rel=\"canonical\" href=\"https:\/\/teneriferealty.es\/fr\/avis-juridique\/\" \/>\n<meta property=\"og:locale\" content=\"fr_FR\" \/>\n<meta property=\"og:type\" content=\"article\" \/>\n<meta property=\"og:title\" content=\"Avis juridique - Tenerife Realty\" \/>\n<meta property=\"og:description\" content=\"Avis juridique Identification de la personne responsable du site web Les pr\u00e9sentes dispositions r\u00e9gissent l&rsquo;utilisation du service du portail Internet [&hellip;]\" \/>\n<meta property=\"og:url\" content=\"https:\/\/teneriferealty.es\/fr\/avis-juridique\/\" \/>\n<meta property=\"og:site_name\" content=\"Tenerife Realty\" \/>\n<meta property=\"article:modified_time\" content=\"2026-01-23T12:34:49+00:00\" \/>\n<meta name=\"twitter:card\" content=\"summary_large_image\" \/>\n<meta name=\"twitter:label1\" content=\"Dur\u00e9e de lecture estim\u00e9e\" \/>\n\t<meta name=\"twitter:data1\" content=\"7 minutes\" \/>\n<script type=\"application\/ld+json\" class=\"yoast-schema-graph\">{\"@context\":\"https:\/\/schema.org\",\"@graph\":[{\"@type\":\"WebPage\",\"@id\":\"https:\/\/teneriferealty.es\/fr\/avis-juridique\/\",\"url\":\"https:\/\/teneriferealty.es\/fr\/avis-juridique\/\",\"name\":\"Avis juridique - Tenerife Realty\",\"isPartOf\":{\"@id\":\"https:\/\/teneriferealty.es\/fr\/#website\"},\"datePublished\":\"2025-10-02T08:36:35+00:00\",\"dateModified\":\"2026-01-23T12:34:49+00:00\",\"breadcrumb\":{\"@id\":\"https:\/\/teneriferealty.es\/fr\/avis-juridique\/#breadcrumb\"},\"inLanguage\":\"fr-FR\",\"potentialAction\":[{\"@type\":\"ReadAction\",\"target\":[\"https:\/\/teneriferealty.es\/fr\/avis-juridique\/\"]}]},{\"@type\":\"BreadcrumbList\",\"@id\":\"https:\/\/teneriferealty.es\/fr\/avis-juridique\/#breadcrumb\",\"itemListElement\":[{\"@type\":\"ListItem\",\"position\":1,\"name\":\"Page d'accueil\",\"item\":\"https:\/\/teneriferealty.es\/fr\/accueil\/\"},{\"@type\":\"ListItem\",\"position\":2,\"name\":\"Avis juridique\"}]},{\"@type\":\"WebSite\",\"@id\":\"https:\/\/teneriferealty.es\/fr\/#website\",\"url\":\"https:\/\/teneriferealty.es\/fr\/\",\"name\":\"Tenerife Realty\",\"description\":\"Immobilier de luxe \u00e0 Tenerife\",\"publisher\":{\"@id\":\"https:\/\/teneriferealty.es\/fr\/#organization\"},\"potentialAction\":[{\"@type\":\"SearchAction\",\"target\":{\"@type\":\"EntryPoint\",\"urlTemplate\":\"https:\/\/teneriferealty.es\/fr\/?s={search_term_string}\"},\"query-input\":{\"@type\":\"PropertyValueSpecification\",\"valueRequired\":true,\"valueName\":\"search_term_string\"}}],\"inLanguage\":\"fr-FR\"},{\"@type\":\"Organization\",\"@id\":\"https:\/\/teneriferealty.es\/fr\/#organization\",\"name\":\"Tenerife Realty\",\"url\":\"https:\/\/teneriferealty.es\/fr\/\",\"logo\":{\"@type\":\"ImageObject\",\"inLanguage\":\"fr-FR\",\"@id\":\"https:\/\/teneriferealty.es\/fr\/#\/schema\/logo\/image\/\",\"url\":\"https:\/\/teneriferealty.es\/wp-content\/uploads\/2025\/09\/tenerife-realty-logo.png\",\"contentUrl\":\"https:\/\/teneriferealty.es\/wp-content\/uploads\/2025\/09\/tenerife-realty-logo.png\",\"width\":394,\"height\":34,\"caption\":\"Tenerife Realty\"},\"image\":{\"@id\":\"https:\/\/teneriferealty.es\/fr\/#\/schema\/logo\/image\/\"}}]}<\/script>\n<!-- \/ Yoast SEO plugin. -->","yoast_head_json":{"title":"Avis juridique - Tenerife Realty","robots":{"index":"index","follow":"follow","max-snippet":"max-snippet:-1","max-image-preview":"max-image-preview:large","max-video-preview":"max-video-preview:-1"},"canonical":"https:\/\/teneriferealty.es\/fr\/avis-juridique\/","og_locale":"fr_FR","og_type":"article","og_title":"Avis juridique - Tenerife Realty","og_description":"Avis juridique Identification de la personne responsable du site web Les pr\u00e9sentes dispositions r\u00e9gissent l&rsquo;utilisation du service du portail Internet [&hellip;]","og_url":"https:\/\/teneriferealty.es\/fr\/avis-juridique\/","og_site_name":"Tenerife Realty","article_modified_time":"2026-01-23T12:34:49+00:00","twitter_card":"summary_large_image","twitter_misc":{"Dur\u00e9e de lecture estim\u00e9e":"7 minutes"},"schema":{"@context":"https:\/\/schema.org","@graph":[{"@type":"WebPage","@id":"https:\/\/teneriferealty.es\/fr\/avis-juridique\/","url":"https:\/\/teneriferealty.es\/fr\/avis-juridique\/","name":"Avis juridique - Tenerife Realty","isPartOf":{"@id":"https:\/\/teneriferealty.es\/fr\/#website"},"datePublished":"2025-10-02T08:36:35+00:00","dateModified":"2026-01-23T12:34:49+00:00","breadcrumb":{"@id":"https:\/\/teneriferealty.es\/fr\/avis-juridique\/#breadcrumb"},"inLanguage":"fr-FR","potentialAction":[{"@type":"ReadAction","target":["https:\/\/teneriferealty.es\/fr\/avis-juridique\/"]}]},{"@type":"BreadcrumbList","@id":"https:\/\/teneriferealty.es\/fr\/avis-juridique\/#breadcrumb","itemListElement":[{"@type":"ListItem","position":1,"name":"Page d'accueil","item":"https:\/\/teneriferealty.es\/fr\/accueil\/"},{"@type":"ListItem","position":2,"name":"Avis juridique"}]},{"@type":"WebSite","@id":"https:\/\/teneriferealty.es\/fr\/#website","url":"https:\/\/teneriferealty.es\/fr\/","name":"Tenerife Realty","description":"Immobilier de luxe \u00e0 Tenerife","publisher":{"@id":"https:\/\/teneriferealty.es\/fr\/#organization"},"potentialAction":[{"@type":"SearchAction","target":{"@type":"EntryPoint","urlTemplate":"https:\/\/teneriferealty.es\/fr\/?s={search_term_string}"},"query-input":{"@type":"PropertyValueSpecification","valueRequired":true,"valueName":"search_term_string"}}],"inLanguage":"fr-FR"},{"@type":"Organization","@id":"https:\/\/teneriferealty.es\/fr\/#organization","name":"Tenerife Realty","url":"https:\/\/teneriferealty.es\/fr\/","logo":{"@type":"ImageObject","inLanguage":"fr-FR","@id":"https:\/\/teneriferealty.es\/fr\/#\/schema\/logo\/image\/","url":"https:\/\/teneriferealty.es\/wp-content\/uploads\/2025\/09\/tenerife-realty-logo.png","contentUrl":"https:\/\/teneriferealty.es\/wp-content\/uploads\/2025\/09\/tenerife-realty-logo.png","width":394,"height":34,"caption":"Tenerife Realty"},"image":{"@id":"https:\/\/teneriferealty.es\/fr\/#\/schema\/logo\/image\/"}}]}},"_links":{"self":[{"href":"https:\/\/teneriferealty.es\/fr\/wp-json\/wp\/v2\/pages\/1847","targetHints":{"allow":["GET"]}}],"collection":[{"href":"https:\/\/teneriferealty.es\/fr\/wp-json\/wp\/v2\/pages"}],"about":[{"href":"https:\/\/teneriferealty.es\/fr\/wp-json\/wp\/v2\/types\/page"}],"author":[{"embeddable":true,"href":"https:\/\/teneriferealty.es\/fr\/wp-json\/wp\/v2\/users\/1"}],"replies":[{"embeddable":true,"href":"https:\/\/teneriferealty.es\/fr\/wp-json\/wp\/v2\/comments?post=1847"}],"version-history":[{"count":6,"href":"https:\/\/teneriferealty.es\/fr\/wp-json\/wp\/v2\/pages\/1847\/revisions"}],"predecessor-version":[{"id":2496,"href":"https:\/\/teneriferealty.es\/fr\/wp-json\/wp\/v2\/pages\/1847\/revisions\/2496"}],"wp:attachment":[{"href":"https:\/\/teneriferealty.es\/fr\/wp-json\/wp\/v2\/media?parent=1847"}],"curies":[{"name":"wp","href":"https:\/\/api.w.org\/{rel}","templated":true}]}}