{"id":1839,"date":"2025-10-02T10:42:01","date_gmt":"2025-10-02T08:42:01","guid":{"rendered":"https:\/\/teneriferealty.es\/politique-de-confidentialite\/"},"modified":"2026-01-23T13:33:40","modified_gmt":"2026-01-23T12:33:40","slug":"politique-de-confidentialite","status":"publish","type":"page","link":"https:\/\/teneriferealty.es\/fr\/politique-de-confidentialite\/","title":{"rendered":"Politique de confidentialit\u00e9"},"content":{"rendered":"\t\t<div data-elementor-type=\"wp-page\" data-elementor-id=\"1839\" class=\"elementor elementor-1839 elementor-559\" data-elementor-post-type=\"page\">\n\t\t\t\t\t\t<section class=\"elementor-section elementor-top-section elementor-element elementor-element-cafe6e0 elementor-section-height-min-height elementor-section-boxed elementor-section-height-default elementor-section-items-middle\" data-id=\"cafe6e0\" data-element_type=\"section\" data-settings=\"{&quot;background_background&quot;:&quot;classic&quot;}\">\n\t\t\t\t\t\t\t<div class=\"elementor-background-overlay\"><\/div>\n\t\t\t\t\t\t\t<div class=\"elementor-container elementor-column-gap-default\">\n\t\t\t\t\t<div class=\"elementor-column elementor-col-100 elementor-top-column elementor-element elementor-element-568aee4\" data-id=\"568aee4\" data-element_type=\"column\">\n\t\t\t<div class=\"elementor-widget-wrap elementor-element-populated\">\n\t\t\t\t\t\t<div class=\"elementor-element elementor-element-8060b8f elementor-widget elementor-widget-heading\" data-id=\"8060b8f\" data-element_type=\"widget\" data-widget_type=\"heading.default\">\n\t\t\t\t\t<h1 class=\"elementor-heading-title elementor-size-default\">Politique de confidentialit\u00e9<\/h1>\t\t\t\t<\/div>\n\t\t\t\t\t<\/div>\n\t\t<\/div>\n\t\t\t\t\t<\/div>\n\t\t<\/section>\n\t\t\t\t<section class=\"elementor-section elementor-top-section elementor-element elementor-element-4a3a9c24 elementor-section-boxed elementor-section-height-default elementor-section-height-default\" data-id=\"4a3a9c24\" data-element_type=\"section\">\n\t\t\t\t\t\t<div class=\"elementor-container elementor-column-gap-default\">\n\t\t\t\t\t<div class=\"elementor-column elementor-col-100 elementor-top-column elementor-element elementor-element-56c2595f\" data-id=\"56c2595f\" data-element_type=\"column\">\n\t\t\t<div class=\"elementor-widget-wrap elementor-element-populated\">\n\t\t\t\t\t\t<div class=\"elementor-element elementor-element-3c2b6c4 elementor-widget elementor-widget-text-editor\" data-id=\"3c2b6c4\" data-element_type=\"widget\" data-widget_type=\"text-editor.default\">\n\t\t\t\t\t\t\t\t\t<p style=\"text-align: justify;\">Conform\u00e9ment au r\u00e8glement (UE) 2016\/679 du 27 avril 2016 relatif \u00e0 la protection des personnes physiques \u00e0 l&rsquo;\u00e9gard du traitement des donn\u00e9es \u00e0 caract\u00e8re personnel et \u00e0 la loi organique 3\/2018 du 5 d\u00e9cembre relative \u00e0 la protection des donn\u00e9es \u00e0 caract\u00e8re personnel et \u00e0 la garantie des droits num\u00e9riques, le responsable du traitement informe que les donn\u00e9es \u00e0 caract\u00e8re personnel des utilisateurs collect\u00e9es \u00e0 travers le portail web seront incluses et trait\u00e9es dans un fichier automatis\u00e9 appartenant au responsable du traitement et inscrit dans son Registre des activit\u00e9s de traitement, qui sera g\u00e9r\u00e9 exclusivement dans le but d&rsquo;administrer la relation avec les personnes concern\u00e9es.<\/p><p style=\"text-align: justify;\">En cliquant sur le bouton \u00ab\u00a0envoyer\u00a0\u00bb (ou \u00e9quivalent), l&rsquo;utilisateur consent au traitement de ses donn\u00e9es par le propri\u00e9taire et d\u00e9clare que les informations et donn\u00e9es fournies sont vraies, exactes, compl\u00e8tes et \u00e0 jour, et est responsable de tout dommage ou perte pouvant r\u00e9sulter du non-respect de cette obligation. Afin que les informations fournies soient toujours \u00e0 jour et ne contiennent pas d&rsquo;erreurs, l&rsquo;utilisateur doit communiquer toute modification de ses donn\u00e9es personnelles qui pourrait survenir, ainsi que toute rectification de donn\u00e9es erron\u00e9es au cas o\u00f9 il en d\u00e9tecterait. <\/p><p style=\"text-align: justify;\">Le titulaire s&rsquo;engage \u00e0 ce que les donn\u00e9es personnelles demand\u00e9es soient strictement n\u00e9cessaires \u00e0 la r\u00e9alisation du service demand\u00e9. De m\u00eame, en tant que responsable du fichier, il s&rsquo;engage \u00e0 maintenir le secret et la confidentialit\u00e9 des donn\u00e9es personnelles qui lui sont fournies, en adoptant toutes les mesures de s\u00e9curit\u00e9 n\u00e9cessaires pour \u00e9viter leur perte, leur modification sans consentement ou leur acc\u00e8s non autoris\u00e9, conform\u00e9ment \u00e0 la r\u00e9glementation susmentionn\u00e9e. <\/p><p style=\"text-align: justify;\">D&rsquo;autre part, sur la base des dispositions de la loi 34\/2002 du 11 juillet 2002 sur les services de la soci\u00e9t\u00e9 de l&rsquo;information et le commerce \u00e9lectronique, le titulaire s&rsquo;engage \u00e0 ne pas envoyer de publicit\u00e9 par courrier \u00e9lectronique sans avoir obtenu au pr\u00e9alable l&rsquo;autorisation expresse du destinataire.<\/p><p style=\"text-align: justify;\">Cette politique de confidentialit\u00e9 s&rsquo;applique au traitement des donn\u00e9es des utilisateurs du site Web teneriferealty.es.<\/p><p style=\"text-align: justify;\"><strong>Identit\u00e9<\/strong>: TENERIFE REALTY SL<br> N.<strong>I.F. :<\/strong> B76777911<br><strong>Adresse postale<\/strong>: Plaza Patricio Garc\u00eda, 6 &#8211; 38300 La Orotava (Santa Cruz de Tenerife) Espagne<br><strong>T\u00e9l\u00e9phone<\/strong>: <a href=\"tel:+34961651060\">+34 961 65 10 60<\/a><br><strong>Courriel<\/strong>: <a href=\"mailto:teneriferealty.sl@gmail.com\">teneriferealty.sl@gmail.com<\/a><\/p><p style=\"text-align: justify;\"><strong style=\"text-transform: uppercase;\">Finalit\u00e9s et base juridique du traitement<\/strong><\/p><p style=\"text-align: justify;\">En fonction du formulaire ou de la section \u00e0 laquelle l&rsquo;utilisateur acc\u00e8de, et selon les informations fournies, celles-ci seront utilis\u00e9es aux fins d\u00e9crites ci-dessous, de sorte que vous acceptez express\u00e9ment, librement et sans \u00e9quivoque le traitement de vos donn\u00e9es conform\u00e9ment aux finalit\u00e9s suivantes :<\/p><ol style=\"text-align: justify;\"><li>Informer sur les produits et services fournis par l&rsquo;entreprise.<\/li><li>\u00c9tablissez une communication avec l&rsquo;entreprise par le biais de la section \u00ab\u00a0Contact\u00a0\u00bb.<\/li><\/ol><p style=\"text-align: justify;\">Lorsque le responsable du traitement a l&rsquo;intention de traiter ult\u00e9rieurement des donn\u00e9es \u00e0 caract\u00e8re personnel pour une finalit\u00e9 autre que celle pour laquelle elles ont \u00e9t\u00e9 collect\u00e9es, il fournit \u00e0 la personne concern\u00e9e, avant ce traitement ult\u00e9rieur, des informations sur la nouvelle finalit\u00e9 pour laquelle ses donn\u00e9es \u00e0 caract\u00e8re personnel seront trait\u00e9es, ainsi que toute d\u00e9claration pertinente, en lui demandant son consentement \u00e0 cet \u00e9gard.<\/p><p style=\"text-align: justify;\">En outre, lorsque le responsable du traitement obtient des donn\u00e9es \u00e0 caract\u00e8re personnel par des moyens autres que ceux de la personne concern\u00e9e, celle-ci est inform\u00e9e de l&rsquo;origine des donn\u00e9es, du type de donn\u00e9es concern\u00e9es et de la source des donn\u00e9es.<\/p><p style=\"text-align: justify;\"><strong style=\"text-transform: uppercase;\">Donn\u00e9es de tiers<\/strong><\/p><p style=\"text-align: justify;\">Dans le cas o\u00f9 l&rsquo;utilisateur fournit des donn\u00e9es personnelles de tiers, il d\u00e9clare avoir pr\u00e9alablement inform\u00e9 ces personnes du contenu des donn\u00e9es fournies, de leur origine, de l&rsquo;existence et de la finalit\u00e9 du fichier contenant leurs donn\u00e9es, des destinataires de ces informations, de la possibilit\u00e9 d&rsquo;exercer les droits d&rsquo;acc\u00e8s, de rectification, d&rsquo;annulation, d&rsquo;opposition, de limitation et de portabilit\u00e9, ainsi que des donn\u00e9es d&rsquo;identification du propri\u00e9taire de ce portail web. \u00c0 cet \u00e9gard, il est de votre seule responsabilit\u00e9 d&rsquo;informer de cette circonstance les tiers dont vous allez nous c\u00e9der les donn\u00e9es, et le responsable du traitement n&rsquo;assumera aucune responsabilit\u00e9 pour le non-respect de ce pr\u00e9cepte par l&rsquo;utilisateur. <\/p><p style=\"text-align: justify;\"><strong style=\"text-transform: uppercase;\">Destinataires<\/strong><\/p><p style=\"text-align: justify;\">Les donn\u00e9es personnelles des personnes concern\u00e9es seront communiqu\u00e9es aux destinataires indiqu\u00e9s ci-dessous :<\/p><ol style=\"text-align: justify;\"><li>Les sous-traitants charg\u00e9s de fournir certains services tels que les services informatiques et la consultance globale.<\/li><li>Aux autorit\u00e9s et organes comp\u00e9tents, dans la mesure n\u00e9cessaire \u00e0 l&rsquo;accomplissement des obligations l\u00e9gales. Ces organes sont ou peuvent \u00eatre les autorit\u00e9s fiscales, les autorit\u00e9s de s\u00e9curit\u00e9 sociale, les banques et institutions financi\u00e8res et les autorit\u00e9s charg\u00e9es de l&rsquo;application de la loi. <\/li><\/ol><p style=\"text-align: justify;\"><strong style=\"text-transform: uppercase;\">Droits de l&rsquo;homme<\/strong><\/p><p style=\"text-align: justify;\">De m\u00eame, l&rsquo;utilisateur est inform\u00e9 qu&rsquo;il peut \u00e0 tout moment exercer les droits d&rsquo;acc\u00e8s, de rectification, d&rsquo;effacement, de limitation du traitement, de portabilit\u00e9 et d&rsquo;opposition reconnus par la r\u00e9glementation, en le notifiant au propri\u00e9taire dont les donn\u00e9es sont \u00e0 l&rsquo;origine de ce document.<\/p><ol style=\"text-align: justify;\"><li>Droit d&rsquo;acc\u00e8s (art. 15 R.G.P.D. et art. 13 L.O.P.D.G.D.D.) : droit d&rsquo;obtenir des informations sur le traitement des donn\u00e9es \u00e0 caract\u00e8re personnel, sa finalit\u00e9 et son origine.<\/li><li>Droit de rectification (art. 16 R.G.P.D. et art. 14 L.O.P.D.G.D.D.) : le droit de demander la modification de vos donn\u00e9es personnelles parce qu&rsquo;elles sont incorrectes ou incompl\u00e8tes.<\/li><li>Droit de suppression, d&rsquo;annulation ou d&rsquo;oubli (art. 17 R.G.P.D. et art. 15 L.O.P.D.G.D.) : droit de demander la suppression d\u00e9finitive des donn\u00e9es \u00e0 caract\u00e8re personnel qui sont excessives ou inappropri\u00e9es. En particulier, l&rsquo;utilisateur peut r\u00e9voquer le consentement donn\u00e9 pour l&rsquo;envoi de communications commerciales en envoyant un courrier \u00e9lectronique \u00e0 l&rsquo;adresse du responsable du traitement indiqu\u00e9e ci-dessus, en indiquant \u00ab\u00a0Unsubscribe\u00a0\u00bb. <\/li><li>Droit \u00e0 la limitation (Art. 18 R.G.P.D. et Art. 16 L.O.P.D.G.D.D.) : le droit de faire marquer les donn\u00e9es de mani\u00e8re \u00e0 emp\u00eacher leur traitement futur par le responsable du traitement. Une limitation peut intervenir en cas de contestation de l&rsquo;exactitude des donn\u00e9es, de traitement illicite lorsque la personne concern\u00e9e s&rsquo;oppose \u00e0 l&rsquo;effacement ou lorsque les donn\u00e9es ne sont plus n\u00e9cessaires au regard de la finalit\u00e9 du traitement, mais que la personne concern\u00e9e en a besoin pour la formulation, l&rsquo;exercice ou la d\u00e9fense de r\u00e9clamations. <\/li><li>Droit \u00e0 la portabilit\u00e9 (Art. 20 R.G.P.D. et Art. 17 L.O.P.D.G.D.) : le droit du responsable du traitement de c\u00e9der ou de transf\u00e9rer les donn\u00e9es \u00e0 caract\u00e8re personnel \u00e0 une autre entreprise ou \u00e0 un autre professionnel indiqu\u00e9 par le responsable du traitement dans un format structur\u00e9, intelligible et automatis\u00e9. Si une copie des donn\u00e9es est demand\u00e9e, la condition est que le responsable du traitement traite les donn\u00e9es de mani\u00e8re automatis\u00e9e dans un \u00ab\u00a0format structur\u00e9 et couramment utilis\u00e9\u00a0\u00bb. Si le transfert des donn\u00e9es \u00e0 un autre responsable du traitement est demand\u00e9, les conditions sont que les donn\u00e9es soient trait\u00e9es automatiquement par le responsable du traitement, que les donn\u00e9es aient \u00e9t\u00e9 fournies par la personne concern\u00e9e ou que le traitement soit fond\u00e9 sur le consentement ou sur un contrat.  <\/li><li>Droit d&rsquo;opposition (art. 21 R.G.P.D. et art. 18 L.O.P.D.G.D.D.) : droit de demander que vos donn\u00e9es personnelles ne soient pas utilis\u00e9es ou que le traitement cesse en cas de prospection commerciale.<\/li><li>Ne pas faire l&rsquo;objet de d\u00e9cisions individualis\u00e9es automatis\u00e9es (Art. 22 R.G.P.D. et Art. 18 L.O.P.D.G.D.D.) : le droit de ne pas faire l&rsquo;objet d&rsquo;une d\u00e9cision fond\u00e9e exclusivement sur un traitement automatis\u00e9, y compris le profilage, produisant des effets juridiques \u00e0 son \u00e9gard ou l&rsquo;affectant de mani\u00e8re significative de fa\u00e7on similaire.<\/li><\/ol><p style=\"text-align: justify;\">D\u00e9lai pour l&rsquo;exercice de ces droits : un mois ou trois mois dans les cas plus complexes, mais en informant dans le premier mois des raisons du retard.<\/p><p style=\"text-align: justify;\">En plus de tous ces droits, la personne concern\u00e9e a le droit de d\u00e9poser une plainte aupr\u00e8s de l&rsquo;autorit\u00e9 de contr\u00f4le de tout \u00c9tat de l&rsquo;Union europ\u00e9enne, si elle consid\u00e8re que le traitement de ses donn\u00e9es personnelles n&rsquo;est pas conforme aux dispositions du RGPD ou du GDPR.<\/p><p style=\"text-align: justify;\"><strong style=\"text-transform: uppercase;\">P\u00e9riodes de conservation<\/strong><\/p><p style=\"text-align: justify;\">En r\u00e8gle g\u00e9n\u00e9rale, les donn\u00e9es \u00e0 caract\u00e8re personnel sont conserv\u00e9es jusqu&rsquo;\u00e0 la fin de la relation entre le responsable du traitement et la personne concern\u00e9e, sauf si la personne concern\u00e9e demande au pr\u00e9alable l&rsquo;effacement des donn\u00e9es.<\/p><p style=\"text-align: justify;\">Une fois la relation termin\u00e9e, dans la mesure o\u00f9 les donn\u00e9es personnelles des personnes concern\u00e9es sont pertinentes aux fins de la responsabilit\u00e9 de l&rsquo;entreprise vis-\u00e0-vis des responsables du traitement, ces donn\u00e9es sont conserv\u00e9es, d\u00fbment verrouill\u00e9es, \u00e0 la disposition des autorit\u00e9s judiciaires ou des administrations publiques comp\u00e9tentes, dans le but de faire valoir les responsabilit\u00e9s d\u00e9coulant du traitement pendant la p\u00e9riode de prescription.<\/p><p style=\"text-align: justify;\"><strong style=\"text-transform: uppercase;\">Mesures de s\u00e9curit\u00e9<\/strong><\/p><p style=\"text-align: justify;\">Le responsable du traitement a adopt\u00e9 toutes les mesures techniques et organisationnelles n\u00e9cessaires pour garantir la s\u00e9curit\u00e9 et l&rsquo;int\u00e9grit\u00e9 des donn\u00e9es \u00e0 caract\u00e8re personnel qu&rsquo;il traite, ainsi que pour \u00e9viter leur perte, leur alt\u00e9ration et\/ou leur acc\u00e8s par des tiers non autoris\u00e9s. Nonobstant ce qui pr\u00e9c\u00e8de, l&rsquo;utilisateur reconna\u00eet et accepte que les mesures de s\u00e9curit\u00e9 sur Internet ne sont pas infaillibles. <\/p><p style=\"text-align: justify;\"><strong style=\"text-transform: uppercase;\">Transferts vers des pays tiers<\/strong><\/p><p style=\"text-align: justify;\">Il n&rsquo;y a pas de transferts internationaux en dehors de l&rsquo;Union europ\u00e9enne.<\/p>\t\t\t\t\t\t\t\t<\/div>\n\t\t\t\t\t<\/div>\n\t\t<\/div>\n\t\t\t\t\t<\/div>\n\t\t<\/section>\n\t\t\t\t<\/div>\n\t\t","protected":false},"excerpt":{"rendered":"<p>Politique de confidentialit\u00e9 Conform\u00e9ment au r\u00e8glement (UE) 2016\/679 du 27 avril 2016 relatif \u00e0 la protection des personnes physiques \u00e0 [&hellip;]<\/p>\n","protected":false},"author":1,"featured_media":0,"parent":0,"menu_order":0,"comment_status":"closed","ping_status":"closed","template":"","meta":{"_acf_changed":false,"site-sidebar-layout":"no-sidebar","site-content-layout":"","ast-site-content-layout":"full-width-container","site-content-style":"default","site-sidebar-style":"default","ast-global-header-display":"","ast-banner-title-visibility":"disabled","ast-main-header-display":"","ast-hfb-above-header-display":"","ast-hfb-below-header-display":"","ast-hfb-mobile-header-display":"","site-post-title":"disabled","ast-breadcrumbs-content":"disabled","ast-featured-img":"disabled","footer-sml-layout":"","theme-transparent-header-meta":"default","adv-header-id-meta":"","stick-header-meta":"","header-above-stick-meta":"","header-main-stick-meta":"","header-below-stick-meta":"","astra-migrate-meta-layouts":"set","ast-page-background-enabled":"default","ast-page-background-meta":{"desktop":{"background-color":"var(--ast-global-color-5)","background-image":"","background-repeat":"repeat","background-position":"center center","background-size":"auto","background-attachment":"scroll","background-type":"","background-media":"","overlay-type":"","overlay-color":"","overlay-opacity":"","overlay-gradient":""},"tablet":{"background-color":"","background-image":"","background-repeat":"repeat","background-position":"center center","background-size":"auto","background-attachment":"scroll","background-type":"","background-media":"","overlay-type":"","overlay-color":"","overlay-opacity":"","overlay-gradient":""},"mobile":{"background-color":"","background-image":"","background-repeat":"repeat","background-position":"center center","background-size":"auto","background-attachment":"scroll","background-type":"","background-media":"","overlay-type":"","overlay-color":"","overlay-opacity":"","overlay-gradient":""}},"ast-content-background-meta":{"desktop":{"background-color":"var(--ast-global-color-4)","background-image":"","background-repeat":"repeat","background-position":"center center","background-size":"auto","background-attachment":"scroll","background-type":"","background-media":"","overlay-type":"","overlay-color":"","overlay-opacity":"","overlay-gradient":""},"tablet":{"background-color":"var(--ast-global-color-4)","background-image":"","background-repeat":"repeat","background-position":"center center","background-size":"auto","background-attachment":"scroll","background-type":"","background-media":"","overlay-type":"","overlay-color":"","overlay-opacity":"","overlay-gradient":""},"mobile":{"background-color":"var(--ast-global-color-4)","background-image":"","background-repeat":"repeat","background-position":"center center","background-size":"auto","background-attachment":"scroll","background-type":"","background-media":"","overlay-type":"","overlay-color":"","overlay-opacity":"","overlay-gradient":""}},"_joinchat":[],"footnotes":""},"class_list":["post-1839","page","type-page","status-publish","hentry"],"acf":[],"yoast_head":"<!-- This site is optimized with the Yoast SEO plugin v25.8 - https:\/\/yoast.com\/wordpress\/plugins\/seo\/ -->\n<title>Politique de confidentialit\u00e9 - Tenerife Realty<\/title>\n<meta name=\"robots\" content=\"index, follow, max-snippet:-1, max-image-preview:large, max-video-preview:-1\" \/>\n<link rel=\"canonical\" href=\"https:\/\/teneriferealty.es\/fr\/politique-de-confidentialite\/\" \/>\n<meta property=\"og:locale\" content=\"fr_FR\" \/>\n<meta property=\"og:type\" content=\"article\" \/>\n<meta property=\"og:title\" content=\"Politique de confidentialit\u00e9 - Tenerife Realty\" \/>\n<meta property=\"og:description\" content=\"Politique de confidentialit\u00e9 Conform\u00e9ment au r\u00e8glement (UE) 2016\/679 du 27 avril 2016 relatif \u00e0 la protection des personnes physiques \u00e0 [&hellip;]\" \/>\n<meta property=\"og:url\" content=\"https:\/\/teneriferealty.es\/fr\/politique-de-confidentialite\/\" \/>\n<meta property=\"og:site_name\" content=\"Tenerife Realty\" \/>\n<meta property=\"article:modified_time\" content=\"2026-01-23T12:33:40+00:00\" \/>\n<meta name=\"twitter:card\" content=\"summary_large_image\" \/>\n<meta name=\"twitter:label1\" content=\"Dur\u00e9e de lecture estim\u00e9e\" \/>\n\t<meta name=\"twitter:data1\" content=\"8 minutes\" \/>\n<script type=\"application\/ld+json\" class=\"yoast-schema-graph\">{\"@context\":\"https:\/\/schema.org\",\"@graph\":[{\"@type\":\"WebPage\",\"@id\":\"https:\/\/teneriferealty.es\/fr\/politique-de-confidentialite\/\",\"url\":\"https:\/\/teneriferealty.es\/fr\/politique-de-confidentialite\/\",\"name\":\"Politique de confidentialit\u00e9 - Tenerife Realty\",\"isPartOf\":{\"@id\":\"https:\/\/teneriferealty.es\/fr\/#website\"},\"datePublished\":\"2025-10-02T08:42:01+00:00\",\"dateModified\":\"2026-01-23T12:33:40+00:00\",\"breadcrumb\":{\"@id\":\"https:\/\/teneriferealty.es\/fr\/politique-de-confidentialite\/#breadcrumb\"},\"inLanguage\":\"fr-FR\",\"potentialAction\":[{\"@type\":\"ReadAction\",\"target\":[\"https:\/\/teneriferealty.es\/fr\/politique-de-confidentialite\/\"]}]},{\"@type\":\"BreadcrumbList\",\"@id\":\"https:\/\/teneriferealty.es\/fr\/politique-de-confidentialite\/#breadcrumb\",\"itemListElement\":[{\"@type\":\"ListItem\",\"position\":1,\"name\":\"Page d'accueil\",\"item\":\"https:\/\/teneriferealty.es\/fr\/accueil\/\"},{\"@type\":\"ListItem\",\"position\":2,\"name\":\"Politique de confidentialit\u00e9\"}]},{\"@type\":\"WebSite\",\"@id\":\"https:\/\/teneriferealty.es\/fr\/#website\",\"url\":\"https:\/\/teneriferealty.es\/fr\/\",\"name\":\"Tenerife Realty\",\"description\":\"Immobilier de luxe \u00e0 Tenerife\",\"publisher\":{\"@id\":\"https:\/\/teneriferealty.es\/fr\/#organization\"},\"potentialAction\":[{\"@type\":\"SearchAction\",\"target\":{\"@type\":\"EntryPoint\",\"urlTemplate\":\"https:\/\/teneriferealty.es\/fr\/?s={search_term_string}\"},\"query-input\":{\"@type\":\"PropertyValueSpecification\",\"valueRequired\":true,\"valueName\":\"search_term_string\"}}],\"inLanguage\":\"fr-FR\"},{\"@type\":\"Organization\",\"@id\":\"https:\/\/teneriferealty.es\/fr\/#organization\",\"name\":\"Tenerife Realty\",\"url\":\"https:\/\/teneriferealty.es\/fr\/\",\"logo\":{\"@type\":\"ImageObject\",\"inLanguage\":\"fr-FR\",\"@id\":\"https:\/\/teneriferealty.es\/fr\/#\/schema\/logo\/image\/\",\"url\":\"https:\/\/teneriferealty.es\/wp-content\/uploads\/2025\/09\/tenerife-realty-logo.png\",\"contentUrl\":\"https:\/\/teneriferealty.es\/wp-content\/uploads\/2025\/09\/tenerife-realty-logo.png\",\"width\":394,\"height\":34,\"caption\":\"Tenerife Realty\"},\"image\":{\"@id\":\"https:\/\/teneriferealty.es\/fr\/#\/schema\/logo\/image\/\"}}]}<\/script>\n<!-- \/ Yoast SEO plugin. -->","yoast_head_json":{"title":"Politique de confidentialit\u00e9 - Tenerife Realty","robots":{"index":"index","follow":"follow","max-snippet":"max-snippet:-1","max-image-preview":"max-image-preview:large","max-video-preview":"max-video-preview:-1"},"canonical":"https:\/\/teneriferealty.es\/fr\/politique-de-confidentialite\/","og_locale":"fr_FR","og_type":"article","og_title":"Politique de confidentialit\u00e9 - Tenerife Realty","og_description":"Politique de confidentialit\u00e9 Conform\u00e9ment au r\u00e8glement (UE) 2016\/679 du 27 avril 2016 relatif \u00e0 la protection des personnes physiques \u00e0 [&hellip;]","og_url":"https:\/\/teneriferealty.es\/fr\/politique-de-confidentialite\/","og_site_name":"Tenerife Realty","article_modified_time":"2026-01-23T12:33:40+00:00","twitter_card":"summary_large_image","twitter_misc":{"Dur\u00e9e de lecture estim\u00e9e":"8 minutes"},"schema":{"@context":"https:\/\/schema.org","@graph":[{"@type":"WebPage","@id":"https:\/\/teneriferealty.es\/fr\/politique-de-confidentialite\/","url":"https:\/\/teneriferealty.es\/fr\/politique-de-confidentialite\/","name":"Politique de confidentialit\u00e9 - Tenerife Realty","isPartOf":{"@id":"https:\/\/teneriferealty.es\/fr\/#website"},"datePublished":"2025-10-02T08:42:01+00:00","dateModified":"2026-01-23T12:33:40+00:00","breadcrumb":{"@id":"https:\/\/teneriferealty.es\/fr\/politique-de-confidentialite\/#breadcrumb"},"inLanguage":"fr-FR","potentialAction":[{"@type":"ReadAction","target":["https:\/\/teneriferealty.es\/fr\/politique-de-confidentialite\/"]}]},{"@type":"BreadcrumbList","@id":"https:\/\/teneriferealty.es\/fr\/politique-de-confidentialite\/#breadcrumb","itemListElement":[{"@type":"ListItem","position":1,"name":"Page d'accueil","item":"https:\/\/teneriferealty.es\/fr\/accueil\/"},{"@type":"ListItem","position":2,"name":"Politique de confidentialit\u00e9"}]},{"@type":"WebSite","@id":"https:\/\/teneriferealty.es\/fr\/#website","url":"https:\/\/teneriferealty.es\/fr\/","name":"Tenerife Realty","description":"Immobilier de luxe \u00e0 Tenerife","publisher":{"@id":"https:\/\/teneriferealty.es\/fr\/#organization"},"potentialAction":[{"@type":"SearchAction","target":{"@type":"EntryPoint","urlTemplate":"https:\/\/teneriferealty.es\/fr\/?s={search_term_string}"},"query-input":{"@type":"PropertyValueSpecification","valueRequired":true,"valueName":"search_term_string"}}],"inLanguage":"fr-FR"},{"@type":"Organization","@id":"https:\/\/teneriferealty.es\/fr\/#organization","name":"Tenerife Realty","url":"https:\/\/teneriferealty.es\/fr\/","logo":{"@type":"ImageObject","inLanguage":"fr-FR","@id":"https:\/\/teneriferealty.es\/fr\/#\/schema\/logo\/image\/","url":"https:\/\/teneriferealty.es\/wp-content\/uploads\/2025\/09\/tenerife-realty-logo.png","contentUrl":"https:\/\/teneriferealty.es\/wp-content\/uploads\/2025\/09\/tenerife-realty-logo.png","width":394,"height":34,"caption":"Tenerife Realty"},"image":{"@id":"https:\/\/teneriferealty.es\/fr\/#\/schema\/logo\/image\/"}}]}},"_links":{"self":[{"href":"https:\/\/teneriferealty.es\/fr\/wp-json\/wp\/v2\/pages\/1839","targetHints":{"allow":["GET"]}}],"collection":[{"href":"https:\/\/teneriferealty.es\/fr\/wp-json\/wp\/v2\/pages"}],"about":[{"href":"https:\/\/teneriferealty.es\/fr\/wp-json\/wp\/v2\/types\/page"}],"author":[{"embeddable":true,"href":"https:\/\/teneriferealty.es\/fr\/wp-json\/wp\/v2\/users\/1"}],"replies":[{"embeddable":true,"href":"https:\/\/teneriferealty.es\/fr\/wp-json\/wp\/v2\/comments?post=1839"}],"version-history":[{"count":4,"href":"https:\/\/teneriferealty.es\/fr\/wp-json\/wp\/v2\/pages\/1839\/revisions"}],"predecessor-version":[{"id":2484,"href":"https:\/\/teneriferealty.es\/fr\/wp-json\/wp\/v2\/pages\/1839\/revisions\/2484"}],"wp:attachment":[{"href":"https:\/\/teneriferealty.es\/fr\/wp-json\/wp\/v2\/media?parent=1839"}],"curies":[{"name":"wp","href":"https:\/\/api.w.org\/{rel}","templated":true}]}}