{"id":1814,"date":"2025-10-02T10:44:41","date_gmt":"2025-10-02T08:44:41","guid":{"rendered":"https:\/\/teneriferealty.es\/politique-en-matiere-de-cookies\/"},"modified":"2026-01-23T13:34:08","modified_gmt":"2026-01-23T12:34:08","slug":"politique-en-matiere-de-cookies","status":"publish","type":"page","link":"https:\/\/teneriferealty.es\/fr\/politique-en-matiere-de-cookies\/","title":{"rendered":"Politique en mati\u00e8re de cookies"},"content":{"rendered":"\t\t<div data-elementor-type=\"wp-page\" data-elementor-id=\"1814\" class=\"elementor elementor-1814 elementor-565\" data-elementor-post-type=\"page\">\n\t\t\t\t\t\t<section class=\"elementor-section elementor-top-section elementor-element elementor-element-cafe6e0 elementor-section-height-min-height elementor-section-boxed elementor-section-height-default elementor-section-items-middle\" data-id=\"cafe6e0\" data-element_type=\"section\" data-settings=\"{&quot;background_background&quot;:&quot;classic&quot;}\">\n\t\t\t\t\t\t\t<div class=\"elementor-background-overlay\"><\/div>\n\t\t\t\t\t\t\t<div class=\"elementor-container elementor-column-gap-default\">\n\t\t\t\t\t<div class=\"elementor-column elementor-col-100 elementor-top-column elementor-element elementor-element-568aee4\" data-id=\"568aee4\" data-element_type=\"column\">\n\t\t\t<div class=\"elementor-widget-wrap elementor-element-populated\">\n\t\t\t\t\t\t<div class=\"elementor-element elementor-element-8060b8f elementor-widget elementor-widget-heading\" data-id=\"8060b8f\" data-element_type=\"widget\" data-widget_type=\"heading.default\">\n\t\t\t\t\t<h1 class=\"elementor-heading-title elementor-size-default\">Politique en mati\u00e8re de cookies<\/h1>\t\t\t\t<\/div>\n\t\t\t\t\t<\/div>\n\t\t<\/div>\n\t\t\t\t\t<\/div>\n\t\t<\/section>\n\t\t\t\t<section class=\"elementor-section elementor-top-section elementor-element elementor-element-4a3a9c24 elementor-section-boxed elementor-section-height-default elementor-section-height-default\" data-id=\"4a3a9c24\" data-element_type=\"section\">\n\t\t\t\t\t\t<div class=\"elementor-container elementor-column-gap-default\">\n\t\t\t\t\t<div class=\"elementor-column elementor-col-100 elementor-top-column elementor-element elementor-element-56c2595f\" data-id=\"56c2595f\" data-element_type=\"column\">\n\t\t\t<div class=\"elementor-widget-wrap elementor-element-populated\">\n\t\t\t\t\t\t<div class=\"elementor-element elementor-element-3c2b6c4 elementor-widget elementor-widget-text-editor\" data-id=\"3c2b6c4\" data-element_type=\"widget\" data-widget_type=\"text-editor.default\">\n\t\t\t\t\t\t\t\t\t<p style=\"text-align: justify;\">Le site web teneriferealty.es, domaine appartenant \u00e0 <strong>TENERIFE REALTY SL<\/strong> avec N.I.F. B76777911, adresse postale \u00e0 Plaza Patricio Garc\u00eda, 6 &#8211; 38300 La Orotava (Santa Cruz de Tenerife) Espagne, t\u00e9l\u00e9phone <a href=\"tel:+34961651060\">+34 961 65 10 60<\/a> et email <a href=\"mailto:teneriferealty.sl@gmail.com\">teneriferealty.sl@gmail.com,<\/a> met \u00e0 disposition cette politique de cookies conform\u00e9ment au R\u00e8glement (UE) 2016\/679 du 27 avril 2016, sur la protection des personnes physiques \u00e0 l&rsquo;\u00e9gard du traitement des donn\u00e9es \u00e0 caract\u00e8re personnel, la loi organique 3\/2018, du 5 d\u00e9cembre, sur la protection des donn\u00e9es \u00e0 caract\u00e8re personnel et la garantie des droits num\u00e9riques, et la loi 34\/2002, du 11 juillet, sur les services de la soci\u00e9t\u00e9 de l&rsquo;information et le commerce \u00e9lectronique, ainsi que toute autre r\u00e9glementation applicable.<\/p><p style=\"text-align: justify;\"><b>QU&rsquo;EST-CE QU&rsquo;UN BISCUIT ?<\/b><\/p><p style=\"text-align: justify;\">Les cookies sont un outil utilis\u00e9 par les serveurs web pour stocker et r\u00e9cup\u00e9rer des informations sur leurs visiteurs. Il s&rsquo;agit de petits fichiers texte que nous envoyons \u00e0 votre ordinateur pour garder une trace de vos pr\u00e9f\u00e9rences et s&rsquo;en souvenir lorsque vous revenez. Ce sont des outils qui jouent un r\u00f4le essentiel dans la fourniture de nombreux services de la soci\u00e9t\u00e9 de l&rsquo;information. Ils permettent notamment \u00e0 un site web de stocker et de r\u00e9cup\u00e9rer des informations sur les habitudes de navigation d&rsquo;un utilisateur ou de son ordinateur et, en fonction des informations obtenues, ils peuvent \u00eatre utilis\u00e9s pour reconna\u00eetre l&rsquo;utilisateur et am\u00e9liorer le service offert.   <\/p><p style=\"text-align: justify;\">Ce site web utilise des cookies pour faciliter la navigation sur son portail et pour obtenir une plus grande efficacit\u00e9 et personnalisation des services offerts aux utilisateurs. Les cookies utilis\u00e9s permettent de stocker des informations sur les pr\u00e9f\u00e9rences et la langue de l&rsquo;utilisateur, afin de pouvoir lui montrer des contenus et des offres d&rsquo;int\u00e9r\u00eat particulier en fonction de son profil et d&rsquo;enregistrer le nombre de fois qu&rsquo;un certain message est montr\u00e9 \u00e0 un utilisateur. <\/p><p style=\"text-align: justify;\"><b>QUELS SONT LES TYPES DE COOKIES UTILIS\u00c9S ?<\/b><\/p><p style=\"text-align: justify;\">Ce site web utilise des cookies propres et de tiers, c&rsquo;est-\u00e0-dire qu&rsquo;ils sont envoy\u00e9s \u00e0 l&rsquo;\u00e9quipement terminal de l&rsquo;utilisateur depuis un ordinateur ou un domaine g\u00e9r\u00e9 par l&rsquo;\u00e9diteur lui-m\u00eame \u00e0 partir duquel le service demand\u00e9 par l&rsquo;utilisateur est fourni, ainsi que depuis un ordinateur ou un domaine qui n&rsquo;est pas g\u00e9r\u00e9 par l&rsquo;\u00e9diteur, mais par une autre entit\u00e9 qui traite les donn\u00e9es obtenues par le biais des cookies. D&rsquo;autre part, ce portail web utilise \u00e9galement les cookies suivants : <\/p><div class=\"table-container\"><table class=\"table-cookies\"><tbody><tr><td style=\"text-align: center; padding: 10px; border: 1px solid #aaaaaa;\" width=\"20%\"><strong>COOKIE<\/strong><\/td><td style=\"text-align: center; padding: 10px; border: 1px solid #aaaaaa;\" width=\"15%\"><strong>TYPE<\/strong><\/td><td style=\"text-align: center; padding: 10px; border: 1px solid #aaaaaa;\" width=\"35%\"><strong>BUT<\/strong><\/td><td style=\"text-align: center; padding: 10px; border: 1px solid #aaaaaa;\" width=\"15%\"><strong>ENTIT\u00c9<\/strong><\/td><td style=\"text-align: center; padding: 10px; border: 1px solid #aaaaaa;\" width=\"15%\"><strong>EXPIRATION<\/strong><\/td><\/tr><tr><td style=\"text-align: center; padding: 10px; border: 1px solid #aaaaaa;\">cookieyes-consent<\/td><td style=\"text-align: center; padding: 10px; border: 1px solid #aaaaaa;\">Technique<\/td><td style=\"text-align: center; padding: 10px; border: 1px solid #aaaaaa;\">Montrer la gestion des cookies \u00e0 l&rsquo;utilisateur.<\/td><td style=\"text-align: center; padding: 10px; border: 1px solid #aaaaaa;\">Tenerife Realty<\/td><td style=\"text-align: center; padding: 10px; border: 1px solid #aaaaaa;\">1 an<\/td><\/tr><\/tbody><\/table><\/div><p style=\"text-align: justify;\"><em><u>Types de cookies en fonction de leur dur\u00e9e d&rsquo;activit\u00e9<\/u><\/em><\/p><p style=\"text-align: justify;\"><em>Cookies de session<\/em>: con\u00e7us pour collecter et stocker des donn\u00e9es pendant que l&rsquo;utilisateur acc\u00e8de \u00e0 un site web. Ils sont g\u00e9n\u00e9ralement utilis\u00e9s pour stocker des informations qui ne doivent \u00eatre conserv\u00e9es que pour la fourniture du service demand\u00e9 par l&rsquo;utilisateur \u00e0 une seule occasion. <\/p><p style=\"text-align: justify;\"><em>Cookies persistants<\/em>: les donn\u00e9es restent stock\u00e9es dans le terminal et peuvent \u00eatre consult\u00e9es et trait\u00e9es pendant une p\u00e9riode d\u00e9finie par le responsable du cookie, qui peut aller de quelques minutes \u00e0 plusieurs ann\u00e9es.<\/p><p style=\"text-align: justify;\"><em><u>Types de cookies en fonction de leur finalit\u00e9<\/u><\/em><\/p><p style=\"text-align: justify;\"><em>Cookies techniques<\/em>: ceux qui permettent \u00e0 l&rsquo;utilisateur de naviguer sur un site web, une plateforme ou une application et d&rsquo;utiliser les diff\u00e9rentes options ou services qui y sont propos\u00e9s, comme par exemple le contr\u00f4le de la communication des donn\u00e9es, l&rsquo;identification de la session, l&rsquo;acc\u00e8s \u00e0 des zones d&rsquo;acc\u00e8s restreint, la m\u00e9morisation des \u00e9l\u00e9ments qui composent une commande, la r\u00e9alisation du processus d&rsquo;achat, la demande d&rsquo;inscription \u00e0 un \u00e9v\u00e9nement, l&rsquo;utilisation d&rsquo;\u00e9l\u00e9ments de s\u00e9curit\u00e9 lors de la navigation, le partage de contenus via les r\u00e9seaux sociaux, etc.<\/p><p style=\"text-align: justify;\"><em>Cookies de pr\u00e9f\u00e9rence ou de personnalisation<\/em>: ils permettent \u00e0 l&rsquo;utilisateur d&rsquo;acc\u00e9der au service avec certaines caract\u00e9ristiques g\u00e9n\u00e9rales pr\u00e9d\u00e9finies en fonction d&rsquo;une s\u00e9rie de crit\u00e8res dans le terminal de l&rsquo;utilisateur, tels que la langue, le type de navigateur utilis\u00e9 pour acc\u00e9der au service, la configuration r\u00e9gionale \u00e0 partir de laquelle on acc\u00e8de au service, etc.<\/p><p style=\"text-align: justify;\"><em>Cookies d&rsquo;analyse<\/em>: ils permettent au responsable de suivre et d&rsquo;analyser le comportement des utilisateurs des sites web auxquels ils sont li\u00e9s. Les informations collect\u00e9es par ce type de cookies sont utilis\u00e9es pour mesurer l&rsquo;activit\u00e9 des sites web, de l&rsquo;application ou de la plateforme et pour cr\u00e9er des profils de navigation des utilisateurs afin d&rsquo;apporter des am\u00e9liorations bas\u00e9es sur l&rsquo;analyse des donn\u00e9es. <\/p><p style=\"text-align: justify;\"><em>Cookies de publicit\u00e9 comportementale<\/em>: ils stockent des informations sur le comportement de l&rsquo;utilisateur obtenues gr\u00e2ce \u00e0 l&rsquo;observation continue de ses habitudes de navigation, ce qui permet de d\u00e9velopper un profil sp\u00e9cifique afin d&rsquo;afficher des publicit\u00e9s bas\u00e9es sur ce profil.<\/p><p style=\"text-align: justify;\"><em>Cookies publicitaires<\/em>: permettent de g\u00e9rer, de la mani\u00e8re la plus efficace possible, les espaces publicitaires.<\/p><p style=\"text-align: justify;\"><em><u>Types de cookies en fonction de l&rsquo;entit\u00e9 qui les g\u00e8re<\/u><\/em><\/p><p style=\"text-align: justify;\"><em>Cookies propres : <\/em>ce sont ceux qui sont envoy\u00e9s \u00e0 l&rsquo;\u00e9quipement terminal de l&rsquo;utilisateur \u00e0 partir d&rsquo;un ordinateur ou d&rsquo;un domaine g\u00e9r\u00e9 par l&rsquo;\u00e9diteur lui-m\u00eame et \u00e0 partir duquel le service demand\u00e9 par l&rsquo;utilisateur est fourni.<\/p><p style=\"text-align: justify;\"><em>Cookies de tiers : <\/em>ce sont ceux qui sont implant\u00e9s dans l&rsquo;ordinateur de l&rsquo;utilisateur mais qui ne proviennent pas du propri\u00e9taire de ce site web, mais d&rsquo;autres entreprises.<\/p><p style=\"text-align: justify;\"><em>Cookies de r\u00e9seaux sociaux externes<\/em>: ils sont utilis\u00e9s pour permettre aux visiteurs d&rsquo;interagir avec le contenu de diff\u00e9rentes plateformes sociales (pr\u00e9ciser) et ne sont g\u00e9n\u00e9r\u00e9s que pour les utilisateurs de ces r\u00e9seaux sociaux. Les conditions d&rsquo;utilisation de ces cookies et les informations collect\u00e9es sont r\u00e9gies par la politique de confidentialit\u00e9 de la plateforme sociale correspondante. L&rsquo;utilisateur peut facilement partager le contenu sur ces r\u00e9seaux sociaux gr\u00e2ce aux boutons que nous avons inclus \u00e0 cet effet.  <\/p><p style=\"text-align: justify;\"><em>Cookies non classifi\u00e9s :<\/em>il s&rsquo;agit de cookies pour lesquels nous sommes encore en train de proc\u00e9der \u00e0 une classification, en collaboration avec les fournisseurs de cookies individuels.<\/p><p style=\"text-align: justify;\"><b>LA D\u00c9SACTIVATION ET LA SUPPRESSION DES COOKIES ?<\/b><\/p><p style=\"text-align: justify;\">Vous avez la possibilit\u00e9 d&rsquo;autoriser, de bloquer ou de supprimer les cookies install\u00e9s sur votre ordinateur en configurant les options de votre navigateur. En d\u00e9sactivant les cookies, il se peut que certains des services disponibles ne soient plus op\u00e9rationnels. La mani\u00e8re de d\u00e9sactiver les cookies est diff\u00e9rente pour chaque navigateur, mais peut g\u00e9n\u00e9ralement \u00eatre effectu\u00e9e \u00e0 partir du menu Outils ou Options. Vous pouvez \u00e9galement consulter le menu d&rsquo;aide du navigateur o\u00f9 vous trouverez des instructions. L&rsquo;utilisateur peut \u00e0 tout moment choisir les cookies qu&rsquo;il souhaite utiliser sur ce site web.    <\/p><p style=\"text-align: justify;\">Vous pouvez autoriser, bloquer ou supprimer les cookies install\u00e9s sur votre ordinateur en configurant les options du navigateur install\u00e9 sur votre ordinateur :<\/p><ul style=\"text-align: justify;\"><li>Microsoft Internet Explorer ou Microsoft Edge <a href=\"http:\/\/windows.microsoft.com\/es-es\/windows-vista\/Block-or-allow-cookies\" target=\"_blank\" rel=\"noopener\">: http:\/\/windows.microsoft.com\/es-es\/windows-vista\/Block-or-allow-cookies<\/a><\/li><li>Mozilla Firefox <a href=\"http:\/\/support.mozilla.org\/es\/kb\/impedir-que-los-sitios-web-guarden-sus-preferencia\" target=\"_blank\" rel=\"noopener\">: http:\/\/support.mozilla.org\/es\/kb\/impedir-que-los-sitios-web-guarden-sus-preferencia<\/a><\/li><li>Chrome <a href=\"https:\/\/support.google.com\/accounts\/answer\/61416?hl=es\" target=\"_blank\" rel=\"noopener\">: https:\/\/support.google.com\/accounts\/answer\/61416?hl=es<\/a><\/li><li>Safari <a href=\"http:\/\/safari.helpmax.net\/es\/privacidad-y-seguridad\/como-gestionar-las-cookies\/\" target=\"_blank\" rel=\"noopener\">: http:\/\/safari.helpmax.net\/es\/privacidad-y-seguridad\/como-gestionar-las-cookies\/<\/a><\/li><li>Op\u00e9ra <a href=\"http:\/\/help.opera.com\/Linux\/10.60\/es-ES\/cookies.html\" target=\"_blank\" rel=\"noopener\">: http:\/\/help.opera.com\/Linux\/10.60\/es-ES\/cookies.html<\/a><\/li><\/ul><p style=\"text-align: justify;\">En outre, vous pouvez \u00e9galement g\u00e9rer le stockage des cookies dans votre navigateur \u00e0 l&rsquo;aide d&rsquo;outils tels que les suivants :<\/p><ul style=\"text-align: justify;\"><li>Ghostery : <a href=\"http:\/\/www.ghostery.com\/\" target=\"_blank\" rel=\"noopener\">ghostery.com<\/a><\/li><li>Vos choix en ligne : <a href=\"http:\/\/www.youronlinechoices.com\/es\/\" target=\"_blank\" rel=\"noopener\">youronlinechoices.com<\/a><\/li><\/ul><p style=\"text-align: justify;\"><b>ACCEPTATION ET MODIFICATION DE LA POLITIQUE EN MATI\u00c8RE DE COOKIES ?<\/b><\/p><p style=\"text-align: justify;\">L&rsquo;utilisateur peut d\u00e9cider librement d&rsquo;installer ou non les cookies utilis\u00e9s sur son disque dur au moyen des marqueurs de consentement pr\u00e9vus dans l&rsquo;avis juridique sur les cookies. \u00c0 cet \u00e9gard, vous pouvez configurer votre navigateur pour qu&rsquo;il accepte ou rejette, par d\u00e9faut, tous les cookies. Toutefois, ce site web dispose \u00e9galement d&rsquo;un syst\u00e8me de configuration qui permet \u00e0 l&rsquo;utilisateur de g\u00e9rer l&rsquo;acceptation des cookies de mani\u00e8re diff\u00e9rente, en fonction de chacune des finalit\u00e9s.  <\/p><p style=\"text-align: justify;\">Compte tenu de ces informations, les actions suivantes sont possibles :<\/p><ul style=\"text-align: justify;\"><li>Accepter les cookies. Cet avis ne s&rsquo;affichera plus et vous pourrez acc\u00e9der \u00e0 n&rsquo;importe quelle page du portail pendant la session en cours. <\/li><li>Refuser les cookies. Cet avis ne s&rsquo;affichera plus, mais l&rsquo;acc\u00e8s au site web ou \u00e0 l&rsquo;une de ses sections peut \u00eatre restreint. Vous pouvez toutefois acc\u00e9der au service en cliquant sur le bouton \u00ab\u00a0G\u00e9rer les cookies\u00a0\u00bb.  <\/li><li>Modifiez vos param\u00e8tres. Vous pouvez en savoir plus sur la politique en mati\u00e8re de cookies et modifier les param\u00e8tres de votre navigateur. Vous pouvez \u00e9galement s\u00e9lectionner individuellement les diff\u00e9rents types de cookies utilis\u00e9s.  <\/li><li>L&rsquo;avis est cach\u00e9 sur cette page, mais l&rsquo;acc\u00e8s au site web ou \u00e0 l&rsquo;une de ses sections est restreint.<\/li><\/ul><p style=\"text-align: justify;\">A cette fin, en acceptant cette politique de confidentialit\u00e9, l&rsquo;utilisateur accepte express\u00e9ment d&rsquo;\u00eatre inform\u00e9 des cookies utilis\u00e9s, ainsi que de leur finalit\u00e9.<\/p>\t\t\t\t\t\t\t\t<\/div>\n\t\t\t\t\t<\/div>\n\t\t<\/div>\n\t\t\t\t\t<\/div>\n\t\t<\/section>\n\t\t\t\t<\/div>\n\t\t","protected":false},"excerpt":{"rendered":"<p>Politique en mati\u00e8re de cookies Le site web teneriferealty.es, domaine appartenant \u00e0 TENERIFE REALTY SL avec N.I.F. B76777911, adresse postale [&hellip;]<\/p>\n","protected":false},"author":1,"featured_media":0,"parent":0,"menu_order":0,"comment_status":"closed","ping_status":"closed","template":"","meta":{"_acf_changed":false,"site-sidebar-layout":"no-sidebar","site-content-layout":"","ast-site-content-layout":"full-width-container","site-content-style":"default","site-sidebar-style":"default","ast-global-header-display":"","ast-banner-title-visibility":"disabled","ast-main-header-display":"","ast-hfb-above-header-display":"","ast-hfb-below-header-display":"","ast-hfb-mobile-header-display":"","site-post-title":"disabled","ast-breadcrumbs-content":"disabled","ast-featured-img":"disabled","footer-sml-layout":"","theme-transparent-header-meta":"default","adv-header-id-meta":"","stick-header-meta":"","header-above-stick-meta":"","header-main-stick-meta":"","header-below-stick-meta":"","astra-migrate-meta-layouts":"set","ast-page-background-enabled":"default","ast-page-background-meta":{"desktop":{"background-color":"var(--ast-global-color-5)","background-image":"","background-repeat":"repeat","background-position":"center center","background-size":"auto","background-attachment":"scroll","background-type":"","background-media":"","overlay-type":"","overlay-color":"","overlay-opacity":"","overlay-gradient":""},"tablet":{"background-color":"","background-image":"","background-repeat":"repeat","background-position":"center center","background-size":"auto","background-attachment":"scroll","background-type":"","background-media":"","overlay-type":"","overlay-color":"","overlay-opacity":"","overlay-gradient":""},"mobile":{"background-color":"","background-image":"","background-repeat":"repeat","background-position":"center center","background-size":"auto","background-attachment":"scroll","background-type":"","background-media":"","overlay-type":"","overlay-color":"","overlay-opacity":"","overlay-gradient":""}},"ast-content-background-meta":{"desktop":{"background-color":"var(--ast-global-color-4)","background-image":"","background-repeat":"repeat","background-position":"center center","background-size":"auto","background-attachment":"scroll","background-type":"","background-media":"","overlay-type":"","overlay-color":"","overlay-opacity":"","overlay-gradient":""},"tablet":{"background-color":"var(--ast-global-color-4)","background-image":"","background-repeat":"repeat","background-position":"center center","background-size":"auto","background-attachment":"scroll","background-type":"","background-media":"","overlay-type":"","overlay-color":"","overlay-opacity":"","overlay-gradient":""},"mobile":{"background-color":"var(--ast-global-color-4)","background-image":"","background-repeat":"repeat","background-position":"center center","background-size":"auto","background-attachment":"scroll","background-type":"","background-media":"","overlay-type":"","overlay-color":"","overlay-opacity":"","overlay-gradient":""}},"_joinchat":[],"footnotes":""},"class_list":["post-1814","page","type-page","status-publish","hentry"],"acf":[],"yoast_head":"<!-- This site is optimized with the Yoast SEO plugin v25.8 - https:\/\/yoast.com\/wordpress\/plugins\/seo\/ -->\n<title>Politique en mati\u00e8re de cookies - Tenerife Realty<\/title>\n<meta name=\"robots\" content=\"index, follow, max-snippet:-1, max-image-preview:large, max-video-preview:-1\" \/>\n<link rel=\"canonical\" href=\"https:\/\/teneriferealty.es\/fr\/politique-en-matiere-de-cookies\/\" \/>\n<meta property=\"og:locale\" content=\"fr_FR\" \/>\n<meta property=\"og:type\" content=\"article\" \/>\n<meta property=\"og:title\" content=\"Politique en mati\u00e8re de cookies - Tenerife Realty\" \/>\n<meta property=\"og:description\" content=\"Politique en mati\u00e8re de cookies Le site web teneriferealty.es, domaine appartenant \u00e0 TENERIFE REALTY SL avec N.I.F. B76777911, adresse postale [&hellip;]\" \/>\n<meta property=\"og:url\" content=\"https:\/\/teneriferealty.es\/fr\/politique-en-matiere-de-cookies\/\" \/>\n<meta property=\"og:site_name\" content=\"Tenerife Realty\" \/>\n<meta property=\"article:modified_time\" content=\"2026-01-23T12:34:08+00:00\" \/>\n<meta name=\"twitter:card\" content=\"summary_large_image\" \/>\n<meta name=\"twitter:label1\" content=\"Dur\u00e9e de lecture estim\u00e9e\" \/>\n\t<meta name=\"twitter:data1\" content=\"7 minutes\" \/>\n<script type=\"application\/ld+json\" class=\"yoast-schema-graph\">{\"@context\":\"https:\/\/schema.org\",\"@graph\":[{\"@type\":\"WebPage\",\"@id\":\"https:\/\/teneriferealty.es\/fr\/politique-en-matiere-de-cookies\/\",\"url\":\"https:\/\/teneriferealty.es\/fr\/politique-en-matiere-de-cookies\/\",\"name\":\"Politique en mati\u00e8re de cookies - Tenerife Realty\",\"isPartOf\":{\"@id\":\"https:\/\/teneriferealty.es\/fr\/#website\"},\"datePublished\":\"2025-10-02T08:44:41+00:00\",\"dateModified\":\"2026-01-23T12:34:08+00:00\",\"breadcrumb\":{\"@id\":\"https:\/\/teneriferealty.es\/fr\/politique-en-matiere-de-cookies\/#breadcrumb\"},\"inLanguage\":\"fr-FR\",\"potentialAction\":[{\"@type\":\"ReadAction\",\"target\":[\"https:\/\/teneriferealty.es\/fr\/politique-en-matiere-de-cookies\/\"]}]},{\"@type\":\"BreadcrumbList\",\"@id\":\"https:\/\/teneriferealty.es\/fr\/politique-en-matiere-de-cookies\/#breadcrumb\",\"itemListElement\":[{\"@type\":\"ListItem\",\"position\":1,\"name\":\"Page d'accueil\",\"item\":\"https:\/\/teneriferealty.es\/fr\/accueil\/\"},{\"@type\":\"ListItem\",\"position\":2,\"name\":\"Politique en mati\u00e8re de cookies\"}]},{\"@type\":\"WebSite\",\"@id\":\"https:\/\/teneriferealty.es\/fr\/#website\",\"url\":\"https:\/\/teneriferealty.es\/fr\/\",\"name\":\"Tenerife Realty\",\"description\":\"Immobilier de luxe \u00e0 Tenerife\",\"publisher\":{\"@id\":\"https:\/\/teneriferealty.es\/fr\/#organization\"},\"potentialAction\":[{\"@type\":\"SearchAction\",\"target\":{\"@type\":\"EntryPoint\",\"urlTemplate\":\"https:\/\/teneriferealty.es\/fr\/?s={search_term_string}\"},\"query-input\":{\"@type\":\"PropertyValueSpecification\",\"valueRequired\":true,\"valueName\":\"search_term_string\"}}],\"inLanguage\":\"fr-FR\"},{\"@type\":\"Organization\",\"@id\":\"https:\/\/teneriferealty.es\/fr\/#organization\",\"name\":\"Tenerife Realty\",\"url\":\"https:\/\/teneriferealty.es\/fr\/\",\"logo\":{\"@type\":\"ImageObject\",\"inLanguage\":\"fr-FR\",\"@id\":\"https:\/\/teneriferealty.es\/fr\/#\/schema\/logo\/image\/\",\"url\":\"https:\/\/teneriferealty.es\/wp-content\/uploads\/2025\/09\/tenerife-realty-logo.png\",\"contentUrl\":\"https:\/\/teneriferealty.es\/wp-content\/uploads\/2025\/09\/tenerife-realty-logo.png\",\"width\":394,\"height\":34,\"caption\":\"Tenerife Realty\"},\"image\":{\"@id\":\"https:\/\/teneriferealty.es\/fr\/#\/schema\/logo\/image\/\"}}]}<\/script>\n<!-- \/ Yoast SEO plugin. -->","yoast_head_json":{"title":"Politique en mati\u00e8re de cookies - Tenerife Realty","robots":{"index":"index","follow":"follow","max-snippet":"max-snippet:-1","max-image-preview":"max-image-preview:large","max-video-preview":"max-video-preview:-1"},"canonical":"https:\/\/teneriferealty.es\/fr\/politique-en-matiere-de-cookies\/","og_locale":"fr_FR","og_type":"article","og_title":"Politique en mati\u00e8re de cookies - Tenerife Realty","og_description":"Politique en mati\u00e8re de cookies Le site web teneriferealty.es, domaine appartenant \u00e0 TENERIFE REALTY SL avec N.I.F. B76777911, adresse postale [&hellip;]","og_url":"https:\/\/teneriferealty.es\/fr\/politique-en-matiere-de-cookies\/","og_site_name":"Tenerife Realty","article_modified_time":"2026-01-23T12:34:08+00:00","twitter_card":"summary_large_image","twitter_misc":{"Dur\u00e9e de lecture estim\u00e9e":"7 minutes"},"schema":{"@context":"https:\/\/schema.org","@graph":[{"@type":"WebPage","@id":"https:\/\/teneriferealty.es\/fr\/politique-en-matiere-de-cookies\/","url":"https:\/\/teneriferealty.es\/fr\/politique-en-matiere-de-cookies\/","name":"Politique en mati\u00e8re de cookies - Tenerife Realty","isPartOf":{"@id":"https:\/\/teneriferealty.es\/fr\/#website"},"datePublished":"2025-10-02T08:44:41+00:00","dateModified":"2026-01-23T12:34:08+00:00","breadcrumb":{"@id":"https:\/\/teneriferealty.es\/fr\/politique-en-matiere-de-cookies\/#breadcrumb"},"inLanguage":"fr-FR","potentialAction":[{"@type":"ReadAction","target":["https:\/\/teneriferealty.es\/fr\/politique-en-matiere-de-cookies\/"]}]},{"@type":"BreadcrumbList","@id":"https:\/\/teneriferealty.es\/fr\/politique-en-matiere-de-cookies\/#breadcrumb","itemListElement":[{"@type":"ListItem","position":1,"name":"Page d'accueil","item":"https:\/\/teneriferealty.es\/fr\/accueil\/"},{"@type":"ListItem","position":2,"name":"Politique en mati\u00e8re de cookies"}]},{"@type":"WebSite","@id":"https:\/\/teneriferealty.es\/fr\/#website","url":"https:\/\/teneriferealty.es\/fr\/","name":"Tenerife Realty","description":"Immobilier de luxe \u00e0 Tenerife","publisher":{"@id":"https:\/\/teneriferealty.es\/fr\/#organization"},"potentialAction":[{"@type":"SearchAction","target":{"@type":"EntryPoint","urlTemplate":"https:\/\/teneriferealty.es\/fr\/?s={search_term_string}"},"query-input":{"@type":"PropertyValueSpecification","valueRequired":true,"valueName":"search_term_string"}}],"inLanguage":"fr-FR"},{"@type":"Organization","@id":"https:\/\/teneriferealty.es\/fr\/#organization","name":"Tenerife Realty","url":"https:\/\/teneriferealty.es\/fr\/","logo":{"@type":"ImageObject","inLanguage":"fr-FR","@id":"https:\/\/teneriferealty.es\/fr\/#\/schema\/logo\/image\/","url":"https:\/\/teneriferealty.es\/wp-content\/uploads\/2025\/09\/tenerife-realty-logo.png","contentUrl":"https:\/\/teneriferealty.es\/wp-content\/uploads\/2025\/09\/tenerife-realty-logo.png","width":394,"height":34,"caption":"Tenerife Realty"},"image":{"@id":"https:\/\/teneriferealty.es\/fr\/#\/schema\/logo\/image\/"}}]}},"_links":{"self":[{"href":"https:\/\/teneriferealty.es\/fr\/wp-json\/wp\/v2\/pages\/1814","targetHints":{"allow":["GET"]}}],"collection":[{"href":"https:\/\/teneriferealty.es\/fr\/wp-json\/wp\/v2\/pages"}],"about":[{"href":"https:\/\/teneriferealty.es\/fr\/wp-json\/wp\/v2\/types\/page"}],"author":[{"embeddable":true,"href":"https:\/\/teneriferealty.es\/fr\/wp-json\/wp\/v2\/users\/1"}],"replies":[{"embeddable":true,"href":"https:\/\/teneriferealty.es\/fr\/wp-json\/wp\/v2\/comments?post=1814"}],"version-history":[{"count":4,"href":"https:\/\/teneriferealty.es\/fr\/wp-json\/wp\/v2\/pages\/1814\/revisions"}],"predecessor-version":[{"id":2490,"href":"https:\/\/teneriferealty.es\/fr\/wp-json\/wp\/v2\/pages\/1814\/revisions\/2490"}],"wp:attachment":[{"href":"https:\/\/teneriferealty.es\/fr\/wp-json\/wp\/v2\/media?parent=1814"}],"curies":[{"name":"wp","href":"https:\/\/api.w.org\/{rel}","templated":true}]}}