{"id":1836,"date":"2025-10-02T10:42:01","date_gmt":"2025-10-02T08:42:01","guid":{"rendered":"https:\/\/teneriferealty.es\/datenschutzbestimmungen\/"},"modified":"2026-01-23T13:33:46","modified_gmt":"2026-01-23T12:33:46","slug":"datenschutzbestimmungen","status":"publish","type":"page","link":"https:\/\/teneriferealty.es\/de\/datenschutzbestimmungen\/","title":{"rendered":"Datenschutzbestimmungen"},"content":{"rendered":"\t\t<div data-elementor-type=\"wp-page\" data-elementor-id=\"1836\" class=\"elementor elementor-1836 elementor-559\" data-elementor-post-type=\"page\">\n\t\t\t\t\t\t<section class=\"elementor-section elementor-top-section elementor-element elementor-element-cafe6e0 elementor-section-height-min-height elementor-section-boxed elementor-section-height-default elementor-section-items-middle\" data-id=\"cafe6e0\" data-element_type=\"section\" data-settings=\"{&quot;background_background&quot;:&quot;classic&quot;}\">\n\t\t\t\t\t\t\t<div class=\"elementor-background-overlay\"><\/div>\n\t\t\t\t\t\t\t<div class=\"elementor-container elementor-column-gap-default\">\n\t\t\t\t\t<div class=\"elementor-column elementor-col-100 elementor-top-column elementor-element elementor-element-568aee4\" data-id=\"568aee4\" data-element_type=\"column\">\n\t\t\t<div class=\"elementor-widget-wrap elementor-element-populated\">\n\t\t\t\t\t\t<div class=\"elementor-element elementor-element-8060b8f elementor-widget elementor-widget-heading\" data-id=\"8060b8f\" data-element_type=\"widget\" data-widget_type=\"heading.default\">\n\t\t\t\t\t<h1 class=\"elementor-heading-title elementor-size-default\">Datenschutzbestimmungen<\/h1>\t\t\t\t<\/div>\n\t\t\t\t\t<\/div>\n\t\t<\/div>\n\t\t\t\t\t<\/div>\n\t\t<\/section>\n\t\t\t\t<section class=\"elementor-section elementor-top-section elementor-element elementor-element-4a3a9c24 elementor-section-boxed elementor-section-height-default elementor-section-height-default\" data-id=\"4a3a9c24\" data-element_type=\"section\">\n\t\t\t\t\t\t<div class=\"elementor-container elementor-column-gap-default\">\n\t\t\t\t\t<div class=\"elementor-column elementor-col-100 elementor-top-column elementor-element elementor-element-56c2595f\" data-id=\"56c2595f\" data-element_type=\"column\">\n\t\t\t<div class=\"elementor-widget-wrap elementor-element-populated\">\n\t\t\t\t\t\t<div class=\"elementor-element elementor-element-3c2b6c4 elementor-widget elementor-widget-text-editor\" data-id=\"3c2b6c4\" data-element_type=\"widget\" data-widget_type=\"text-editor.default\">\n\t\t\t\t\t\t\t\t\t<p style=\"text-align: justify;\">In \u00dcbereinstimmung mit der Verordnung (EU) 2016\/679 vom 27. April 2016 zum Schutz nat\u00fcrlicher Personen bei der Verarbeitung personenbezogener Daten und dem Organgesetz 3\/2018 vom 5. Dezember \u00fcber den Schutz personenbezogener Daten und die Gew\u00e4hrleistung digitaler Rechte informiert der f\u00fcr die Verarbeitung Verantwortliche, dass die \u00fcber das Webportal gesammelten personenbezogenen Daten der Nutzer in eine automatisierte Datei aufgenommen und verarbeitet werden, die sich im Besitz des f\u00fcr die Verarbeitung Verantwortlichen befindet und in dessen Register der Verarbeitungst\u00e4tigkeiten aufgenommen wird, das ausschlie\u00dflich zum Zweck der Verwaltung der Beziehung zu den betroffenen Personen gef\u00fchrt wird.<\/p><p style=\"text-align: justify;\">Durch Anklicken der Schaltfl\u00e4che &#8222;Senden&#8220; (oder einer gleichwertigen Schaltfl\u00e4che) willigt der Nutzer in die Verarbeitung seiner Daten durch den Eigent\u00fcmer ein und erkl\u00e4rt, dass die angegebenen Informationen und Daten wahrheitsgem\u00e4\u00df, genau, vollst\u00e4ndig und aktuell sind, und haftet f\u00fcr alle Sch\u00e4den oder Verluste, die durch die Nichteinhaltung dieser Verpflichtung entstehen k\u00f6nnen. Damit die zur Verf\u00fcgung gestellten Informationen immer auf dem neuesten Stand sind und keine Fehler enthalten, muss der Nutzer jede \u00c4nderung seiner pers\u00f6nlichen Daten sowie die Berichtigung fehlerhafter Daten mitteilen, falls diese entdeckt werden. <\/p><p style=\"text-align: justify;\">Der Eigent\u00fcmer verpflichtet sich, dass die angeforderten pers\u00f6nlichen Daten unbedingt erforderlich sind, um die angeforderte Dienstleistung zu erbringen. Ebenso verpflichtet er sich als Verantwortlicher f\u00fcr die Datei, die Geheimhaltung und Vertraulichkeit der ihm zur Verf\u00fcgung gestellten personenbezogenen Daten zu wahren und alle notwendigen Sicherheitsma\u00dfnahmen zu ergreifen, um ihren Verlust, eine \u00c4nderung ohne Zustimmung oder einen unbefugten Zugriff zu verhindern, in \u00dcbereinstimmung mit den vorgenannten Vorschriften. <\/p><p style=\"text-align: justify;\">Andererseits verpflichtet sich der Eigent\u00fcmer auf der Grundlage der Bestimmungen des Gesetzes 34\/2002 vom 11. Juli 2002 \u00fcber die Dienste der Informationsgesellschaft und den elektronischen Handel, keine Werbung \u00fcber elektronische Post zu versenden, ohne zuvor die ausdr\u00fcckliche Genehmigung des Empf\u00e4ngers einzuholen.<\/p><p style=\"text-align: justify;\">Diese Datenschutzerkl\u00e4rung gilt f\u00fcr die Verarbeitung der Daten von Nutzern der Website teneriferealty.es.<\/p><p style=\"text-align: justify;\"><strong>Identit\u00e4t<\/strong>: TENERIFE REALTY SL<br> N<strong>.I.F.:<\/strong> B76777911<br><strong>Postanschrift<\/strong>: Plaza Patricio Garc\u00eda, 6 &#8211; 38300 La Orotava (Santa Cruz de Tenerife) Spanien<br><strong>Telefon<\/strong>: <a href=\"tel:+34961651060\">+34 961 65 10 60<\/a><br><strong>E-Mail<\/strong>: <a href=\"mailto:teneriferealty.sl@gmail.com\">teneriferealty.sl@gmail.com<\/a><\/p><p style=\"text-align: justify;\"><strong style=\"text-transform: uppercase;\">Zwecke und Rechtsgrundlage f\u00fcr die Verarbeitung<\/strong><\/p><p style=\"text-align: justify;\">Je nach dem Formular oder dem Bereich, auf den der Benutzer zugreift, und je nach den angegebenen Informationen werden diese f\u00fcr die unten beschriebenen Zwecke verwendet. Sie akzeptieren also ausdr\u00fccklich und frei und unmissverst\u00e4ndlich die Verarbeitung Ihrer Daten gem\u00e4\u00df den folgenden Zwecken:<\/p><ol style=\"text-align: justify;\"><li>Um \u00fcber die Produkte und Dienstleistungen des Unternehmens zu informieren.<\/li><li>Nehmen Sie die Kommunikation mit dem Unternehmen \u00fcber die Rubrik &#8222;Kontakt&#8220; auf.<\/li><\/ol><p style=\"text-align: justify;\">Beabsichtigt der f\u00fcr die Verarbeitung Verantwortliche, personenbezogene Daten f\u00fcr einen anderen Zweck als den, f\u00fcr den sie erhoben wurden, weiterzuverarbeiten, so informiert er die betroffene Person vor einer solchen Weiterverarbeitung \u00fcber den neuen Zweck, f\u00fcr den ihre personenbezogenen Daten verarbeitet werden sollen, und bittet sie um ihre Zustimmung.<\/p><p style=\"text-align: justify;\">Erh\u00e4lt der f\u00fcr die Verarbeitung Verantwortliche personenbezogene Daten auf anderem Wege als durch die betroffene Person, so ist die betroffene Person \u00fcber die Herkunft der Daten, die Art der betroffenen Daten und die Quelle, aus der die Daten stammen, zu informieren.<\/p><p style=\"text-align: justify;\"><strong style=\"text-transform: uppercase;\">Daten von Dritten<\/strong><\/p><p style=\"text-align: justify;\">F\u00fcr den Fall, dass der Nutzer personenbezogene Daten Dritter zur Verf\u00fcgung stellt, erkl\u00e4rt er, dass er diese Personen zuvor \u00fcber den Inhalt der zur Verf\u00fcgung gestellten Daten, deren Herkunft, das Vorhandensein und den Zweck der Datei mit ihren Daten, die Empf\u00e4nger dieser Informationen, die M\u00f6glichkeit der Aus\u00fcbung der Rechte auf Zugang, Berichtigung, L\u00f6schung, Widerspruch, Einschr\u00e4nkung und \u00dcbertragbarkeit sowie die Identifikationsdaten des Inhabers dieses Webportals informiert hat. In diesem Zusammenhang liegt es in Ihrer alleinigen Verantwortung, die Dritten, deren Daten Sie an uns weitergeben wollen, \u00fcber diesen Umstand zu informieren, und der f\u00fcr die Datenverarbeitung Verantwortliche \u00fcbernimmt keine Haftung f\u00fcr die Nichteinhaltung dieser Vorschrift durch den Nutzer. <\/p><p style=\"text-align: justify;\"><strong style=\"text-transform: uppercase;\">Adressaten<\/strong><\/p><p style=\"text-align: justify;\">Die personenbezogenen Daten der betroffenen Personen werden an die unten angegebenen Empf\u00e4nger weitergeleitet:<\/p><ol style=\"text-align: justify;\"><li>Auftragsverarbeiter, die f\u00fcr die Erbringung bestimmter Dienstleistungen wie IT-Dienste und umfassende Beratung zust\u00e4ndig sind.<\/li><li>An die zust\u00e4ndigen Beh\u00f6rden und Einrichtungen, soweit dies f\u00fcr die Erf\u00fcllung gesetzlicher Verpflichtungen erforderlich ist. Solche Stellen sind oder k\u00f6nnen die Steuerbeh\u00f6rden, Sozialversicherungsbeh\u00f6rden, Banken und Finanzinstitute sowie Strafverfolgungsbeh\u00f6rden sein. <\/li><\/ol><p style=\"text-align: justify;\"><strong style=\"text-transform: uppercase;\">Rechte<\/strong><\/p><p style=\"text-align: justify;\">Ebenso wird der Benutzer dar\u00fcber informiert, dass er jederzeit die in den Vorschriften anerkannten Rechte auf Zugang, Berichtigung, L\u00f6schung, Einschr\u00e4nkung der Verarbeitung, \u00dcbertragbarkeit und Widerspruch aus\u00fcben kann, indem er den Inhaber, dessen Daten den Kopf dieses Dokuments bilden, benachrichtigt.<\/p><ol style=\"text-align: justify;\"><li>Auskunftsrecht (Art. 15 R.G.P.D. und Art. 13 L.O.P.D.G.D.D.): das Recht, Informationen \u00fcber die Verarbeitung personenbezogener Daten, deren Zweck und Herkunft zu erhalten.<\/li><li>Recht auf Berichtigung (Art. 16 R.G.P.D. und Art. 14 L.O.P.D.G.D.D.): das Recht, die \u00c4nderung Ihrer personenbezogenen Daten zu verlangen, weil sie unrichtig oder unvollst\u00e4ndig sind.<\/li><li>Recht auf L\u00f6schung, Stornierung oder Vergessenwerden (Art. 17 R.G.P.D. und Art. 15 L.O.P.D.G.D.D.): das Recht, die endg\u00fcltige L\u00f6schung von personenbezogenen Daten zu verlangen, die \u00fcberm\u00e4\u00dfig oder unangemessen sind. Insbesondere kann der Nutzer die Zustimmung zur Zusendung kommerzieller Mitteilungen widerrufen, indem er eine E-Mail an die oben angegebene Adresse des f\u00fcr die Datenverarbeitung Verantwortlichen schickt, in der er &#8222;Abmelden&#8220; angibt. <\/li><li>Recht auf Einschr\u00e4nkung (Art. 18 R.G.P.D. und Art. 16 L.O.P.D.G.D.D.): das Recht, Daten so zu kennzeichnen, dass eine zuk\u00fcnftige Verarbeitung durch den f\u00fcr die Datenverarbeitung Verantwortlichen verhindert wird. Eine Einschr\u00e4nkung kann erfolgen, wenn die Richtigkeit der Daten angefochten wird, die Verarbeitung unrechtm\u00e4\u00dfig ist und die betroffene Person der L\u00f6schung widerspricht oder wenn die Daten f\u00fcr den Zweck der Verarbeitung nicht mehr erforderlich sind, die betroffene Person sie aber f\u00fcr die Formulierung, Aus\u00fcbung oder Verteidigung von Anspr\u00fcchen ben\u00f6tigt. <\/li><li>Recht auf \u00dcbertragbarkeit (Art. 20 R.G.P.D. und Art. 17 L.O.P.D.G.D.D.): das Recht des f\u00fcr die Verarbeitung Verantwortlichen, personenbezogene Daten in einem strukturierten, verst\u00e4ndlichen und automatisierten Format an ein anderes Unternehmen oder eine andere Fachkraft, die vom f\u00fcr die Verarbeitung Verantwortlichen angegeben wurde, zu \u00fcbermitteln oder zu \u00fcbertragen. Wenn eine Kopie der Daten angefordert wird, ist die Voraussetzung, dass der f\u00fcr die Datenverarbeitung Verantwortliche die Daten auf automatisierte Weise in einem &#8222;strukturierten und allgemein gebr\u00e4uchlichen Format&#8220; verarbeitet. Wenn die \u00dcbermittlung der Daten an einen anderen f\u00fcr die Verarbeitung Verantwortlichen beantragt wird, m\u00fcssen die Daten von dem f\u00fcr die Verarbeitung Verantwortlichen automatisch verarbeitet werden, von der betroffenen Person zur Verf\u00fcgung gestellt worden sein oder die Verarbeitung muss auf einer Einwilligung oder einem Vertrag beruhen.  <\/li><li>Widerspruchsrecht (Art. 21 R.G.P.D. und Art. 18 L.O.P.D.G.D.D.): das Recht, zu verlangen, dass Ihre pers\u00f6nlichen Daten nicht verwendet werden oder dass die Verarbeitung im Falle einer kommerziellen Prospektion eingestellt wird.<\/li><li>Das Recht, keiner automatisierten Einzelentscheidung unterworfen zu werden (Art. 22 R.G.P.D. und Art. 18 L.O.P.D.G.D.D.): das Recht, keiner ausschlie\u00dflich auf einer automatisierten Verarbeitung, einschlie\u00dflich Profiling, beruhenden Entscheidung unterworfen zu werden, die rechtliche Auswirkungen auf ihn oder sie hat oder ihn in \u00e4hnlicher Weise erheblich beeintr\u00e4chtigt.<\/li><\/ol><p style=\"text-align: justify;\">Frist f\u00fcr die Aus\u00fcbung dieser Rechte: ein Monat bzw. drei Monate in komplexeren F\u00e4llen, wobei jedoch innerhalb des ersten Monats die Gr\u00fcnde f\u00fcr die Verz\u00f6gerung mitzuteilen sind.<\/p><p style=\"text-align: justify;\">Zus\u00e4tzlich zu all diesen Rechten hat die betroffene Person das Recht, eine Beschwerde bei der Aufsichtsbeh\u00f6rde eines beliebigen Staates der Europ\u00e4ischen Union einzureichen, wenn sie der Ansicht ist, dass die Verarbeitung ihrer personenbezogenen Daten nicht mit den Bestimmungen der DSGVO oder der DSGVO \u00fcbereinstimmt.<\/p><p style=\"text-align: justify;\"><strong style=\"text-transform: uppercase;\">Aufbewahrungsfristen<\/strong><\/p><p style=\"text-align: justify;\">In der Regel werden personenbezogene Daten bis zum Ende der Beziehung zwischen dem f\u00fcr die Verarbeitung Verantwortlichen und der betroffenen Person aufbewahrt, es sei denn, die betroffene Person beantragt vorher die L\u00f6schung der Daten.<\/p><p style=\"text-align: justify;\">Nach Beendigung des Verh\u00e4ltnisses werden die personenbezogenen Daten der betroffenen Personen, soweit sie f\u00fcr die Haftung des Unternehmens gegen\u00fcber den Datenverarbeitern von Bedeutung sind, in ordnungsgem\u00e4\u00df gesperrter Form den zust\u00e4ndigen Justizbeh\u00f6rden oder \u00f6ffentlichen Verwaltungen zur Verf\u00fcgung gestellt, um die sich aus der Verarbeitung ergebenden Verpflichtungen w\u00e4hrend der Verj\u00e4hrungsfrist durchzusetzen.<\/p><p style=\"text-align: justify;\"><strong style=\"text-transform: uppercase;\">Sicherheitsma\u00dfnahmen<\/strong><\/p><p style=\"text-align: justify;\">Der f\u00fcr die Verarbeitung Verantwortliche hat alle notwendigen technischen und organisatorischen Ma\u00dfnahmen ergriffen, um die Sicherheit und Integrit\u00e4t der von ihm verarbeiteten personenbezogenen Daten zu gew\u00e4hrleisten sowie deren Verlust, Ver\u00e4nderung und\/oder Zugriff durch unbefugte Dritte zu verhindern. Ungeachtet des Vorstehenden erkennt der Nutzer an und akzeptiert, dass die Sicherheitsma\u00dfnahmen im Internet nicht un\u00fcberwindbar sind. <\/p><p style=\"text-align: justify;\"><strong style=\"text-transform: uppercase;\">\u00dcbertragungen in Drittl\u00e4nder<\/strong><\/p><p style=\"text-align: justify;\">Es gibt keine internationalen \u00dcberweisungen au\u00dferhalb der Europ\u00e4ischen Union.<\/p>\t\t\t\t\t\t\t\t<\/div>\n\t\t\t\t\t<\/div>\n\t\t<\/div>\n\t\t\t\t\t<\/div>\n\t\t<\/section>\n\t\t\t\t<\/div>\n\t\t","protected":false},"excerpt":{"rendered":"<p>Datenschutzbestimmungen In \u00dcbereinstimmung mit der Verordnung (EU) 2016\/679 vom 27. April 2016 zum Schutz nat\u00fcrlicher Personen bei der Verarbeitung personenbezogener [&hellip;]<\/p>\n","protected":false},"author":1,"featured_media":0,"parent":0,"menu_order":0,"comment_status":"closed","ping_status":"closed","template":"","meta":{"_acf_changed":false,"site-sidebar-layout":"no-sidebar","site-content-layout":"","ast-site-content-layout":"full-width-container","site-content-style":"default","site-sidebar-style":"default","ast-global-header-display":"","ast-banner-title-visibility":"disabled","ast-main-header-display":"","ast-hfb-above-header-display":"","ast-hfb-below-header-display":"","ast-hfb-mobile-header-display":"","site-post-title":"disabled","ast-breadcrumbs-content":"disabled","ast-featured-img":"disabled","footer-sml-layout":"","theme-transparent-header-meta":"default","adv-header-id-meta":"","stick-header-meta":"","header-above-stick-meta":"","header-main-stick-meta":"","header-below-stick-meta":"","astra-migrate-meta-layouts":"set","ast-page-background-enabled":"default","ast-page-background-meta":{"desktop":{"background-color":"var(--ast-global-color-5)","background-image":"","background-repeat":"repeat","background-position":"center center","background-size":"auto","background-attachment":"scroll","background-type":"","background-media":"","overlay-type":"","overlay-color":"","overlay-opacity":"","overlay-gradient":""},"tablet":{"background-color":"","background-image":"","background-repeat":"repeat","background-position":"center center","background-size":"auto","background-attachment":"scroll","background-type":"","background-media":"","overlay-type":"","overlay-color":"","overlay-opacity":"","overlay-gradient":""},"mobile":{"background-color":"","background-image":"","background-repeat":"repeat","background-position":"center center","background-size":"auto","background-attachment":"scroll","background-type":"","background-media":"","overlay-type":"","overlay-color":"","overlay-opacity":"","overlay-gradient":""}},"ast-content-background-meta":{"desktop":{"background-color":"var(--ast-global-color-4)","background-image":"","background-repeat":"repeat","background-position":"center center","background-size":"auto","background-attachment":"scroll","background-type":"","background-media":"","overlay-type":"","overlay-color":"","overlay-opacity":"","overlay-gradient":""},"tablet":{"background-color":"var(--ast-global-color-4)","background-image":"","background-repeat":"repeat","background-position":"center center","background-size":"auto","background-attachment":"scroll","background-type":"","background-media":"","overlay-type":"","overlay-color":"","overlay-opacity":"","overlay-gradient":""},"mobile":{"background-color":"var(--ast-global-color-4)","background-image":"","background-repeat":"repeat","background-position":"center center","background-size":"auto","background-attachment":"scroll","background-type":"","background-media":"","overlay-type":"","overlay-color":"","overlay-opacity":"","overlay-gradient":""}},"_joinchat":[],"footnotes":""},"class_list":["post-1836","page","type-page","status-publish","hentry"],"acf":[],"yoast_head":"<!-- This site is optimized with the Yoast SEO plugin v25.8 - https:\/\/yoast.com\/wordpress\/plugins\/seo\/ -->\n<title>Datenschutzbestimmungen - Tenerife Realty<\/title>\n<meta name=\"robots\" content=\"index, follow, max-snippet:-1, max-image-preview:large, max-video-preview:-1\" \/>\n<link rel=\"canonical\" href=\"https:\/\/teneriferealty.es\/de\/datenschutzbestimmungen\/\" \/>\n<meta property=\"og:locale\" content=\"de_DE\" \/>\n<meta property=\"og:type\" content=\"article\" \/>\n<meta property=\"og:title\" content=\"Datenschutzbestimmungen - Tenerife Realty\" \/>\n<meta property=\"og:description\" content=\"Datenschutzbestimmungen In \u00dcbereinstimmung mit der Verordnung (EU) 2016\/679 vom 27. April 2016 zum Schutz nat\u00fcrlicher Personen bei der Verarbeitung personenbezogener [&hellip;]\" \/>\n<meta property=\"og:url\" content=\"https:\/\/teneriferealty.es\/de\/datenschutzbestimmungen\/\" \/>\n<meta property=\"og:site_name\" content=\"Tenerife Realty\" \/>\n<meta property=\"article:modified_time\" content=\"2026-01-23T12:33:46+00:00\" \/>\n<meta name=\"twitter:card\" content=\"summary_large_image\" \/>\n<meta name=\"twitter:label1\" content=\"Gesch\u00e4tzte Lesezeit\" \/>\n\t<meta name=\"twitter:data1\" content=\"7\u00a0Minuten\" \/>\n<script type=\"application\/ld+json\" class=\"yoast-schema-graph\">{\"@context\":\"https:\/\/schema.org\",\"@graph\":[{\"@type\":\"WebPage\",\"@id\":\"https:\/\/teneriferealty.es\/de\/datenschutzbestimmungen\/\",\"url\":\"https:\/\/teneriferealty.es\/de\/datenschutzbestimmungen\/\",\"name\":\"Datenschutzbestimmungen - Tenerife Realty\",\"isPartOf\":{\"@id\":\"https:\/\/teneriferealty.es\/de\/#website\"},\"datePublished\":\"2025-10-02T08:42:01+00:00\",\"dateModified\":\"2026-01-23T12:33:46+00:00\",\"breadcrumb\":{\"@id\":\"https:\/\/teneriferealty.es\/de\/datenschutzbestimmungen\/#breadcrumb\"},\"inLanguage\":\"de\",\"potentialAction\":[{\"@type\":\"ReadAction\",\"target\":[\"https:\/\/teneriferealty.es\/de\/datenschutzbestimmungen\/\"]}]},{\"@type\":\"BreadcrumbList\",\"@id\":\"https:\/\/teneriferealty.es\/de\/datenschutzbestimmungen\/#breadcrumb\",\"itemListElement\":[{\"@type\":\"ListItem\",\"position\":1,\"name\":\"Hauptseite\",\"item\":\"https:\/\/teneriferealty.es\/de\/startseite\/\"},{\"@type\":\"ListItem\",\"position\":2,\"name\":\"Datenschutzbestimmungen\"}]},{\"@type\":\"WebSite\",\"@id\":\"https:\/\/teneriferealty.es\/de\/#website\",\"url\":\"https:\/\/teneriferealty.es\/de\/\",\"name\":\"Tenerife Realty\",\"description\":\"Luxus-Immobilien auf Teneriffa\",\"publisher\":{\"@id\":\"https:\/\/teneriferealty.es\/de\/#organization\"},\"potentialAction\":[{\"@type\":\"SearchAction\",\"target\":{\"@type\":\"EntryPoint\",\"urlTemplate\":\"https:\/\/teneriferealty.es\/de\/?s={search_term_string}\"},\"query-input\":{\"@type\":\"PropertyValueSpecification\",\"valueRequired\":true,\"valueName\":\"search_term_string\"}}],\"inLanguage\":\"de\"},{\"@type\":\"Organization\",\"@id\":\"https:\/\/teneriferealty.es\/de\/#organization\",\"name\":\"Tenerife Realty\",\"url\":\"https:\/\/teneriferealty.es\/de\/\",\"logo\":{\"@type\":\"ImageObject\",\"inLanguage\":\"de\",\"@id\":\"https:\/\/teneriferealty.es\/de\/#\/schema\/logo\/image\/\",\"url\":\"https:\/\/teneriferealty.es\/wp-content\/uploads\/2025\/09\/tenerife-realty-logo.png\",\"contentUrl\":\"https:\/\/teneriferealty.es\/wp-content\/uploads\/2025\/09\/tenerife-realty-logo.png\",\"width\":394,\"height\":34,\"caption\":\"Tenerife Realty\"},\"image\":{\"@id\":\"https:\/\/teneriferealty.es\/de\/#\/schema\/logo\/image\/\"}}]}<\/script>\n<!-- \/ Yoast SEO plugin. -->","yoast_head_json":{"title":"Datenschutzbestimmungen - Tenerife Realty","robots":{"index":"index","follow":"follow","max-snippet":"max-snippet:-1","max-image-preview":"max-image-preview:large","max-video-preview":"max-video-preview:-1"},"canonical":"https:\/\/teneriferealty.es\/de\/datenschutzbestimmungen\/","og_locale":"de_DE","og_type":"article","og_title":"Datenschutzbestimmungen - Tenerife Realty","og_description":"Datenschutzbestimmungen In \u00dcbereinstimmung mit der Verordnung (EU) 2016\/679 vom 27. April 2016 zum Schutz nat\u00fcrlicher Personen bei der Verarbeitung personenbezogener [&hellip;]","og_url":"https:\/\/teneriferealty.es\/de\/datenschutzbestimmungen\/","og_site_name":"Tenerife Realty","article_modified_time":"2026-01-23T12:33:46+00:00","twitter_card":"summary_large_image","twitter_misc":{"Gesch\u00e4tzte Lesezeit":"7\u00a0Minuten"},"schema":{"@context":"https:\/\/schema.org","@graph":[{"@type":"WebPage","@id":"https:\/\/teneriferealty.es\/de\/datenschutzbestimmungen\/","url":"https:\/\/teneriferealty.es\/de\/datenschutzbestimmungen\/","name":"Datenschutzbestimmungen - Tenerife Realty","isPartOf":{"@id":"https:\/\/teneriferealty.es\/de\/#website"},"datePublished":"2025-10-02T08:42:01+00:00","dateModified":"2026-01-23T12:33:46+00:00","breadcrumb":{"@id":"https:\/\/teneriferealty.es\/de\/datenschutzbestimmungen\/#breadcrumb"},"inLanguage":"de","potentialAction":[{"@type":"ReadAction","target":["https:\/\/teneriferealty.es\/de\/datenschutzbestimmungen\/"]}]},{"@type":"BreadcrumbList","@id":"https:\/\/teneriferealty.es\/de\/datenschutzbestimmungen\/#breadcrumb","itemListElement":[{"@type":"ListItem","position":1,"name":"Hauptseite","item":"https:\/\/teneriferealty.es\/de\/startseite\/"},{"@type":"ListItem","position":2,"name":"Datenschutzbestimmungen"}]},{"@type":"WebSite","@id":"https:\/\/teneriferealty.es\/de\/#website","url":"https:\/\/teneriferealty.es\/de\/","name":"Tenerife Realty","description":"Luxus-Immobilien auf Teneriffa","publisher":{"@id":"https:\/\/teneriferealty.es\/de\/#organization"},"potentialAction":[{"@type":"SearchAction","target":{"@type":"EntryPoint","urlTemplate":"https:\/\/teneriferealty.es\/de\/?s={search_term_string}"},"query-input":{"@type":"PropertyValueSpecification","valueRequired":true,"valueName":"search_term_string"}}],"inLanguage":"de"},{"@type":"Organization","@id":"https:\/\/teneriferealty.es\/de\/#organization","name":"Tenerife Realty","url":"https:\/\/teneriferealty.es\/de\/","logo":{"@type":"ImageObject","inLanguage":"de","@id":"https:\/\/teneriferealty.es\/de\/#\/schema\/logo\/image\/","url":"https:\/\/teneriferealty.es\/wp-content\/uploads\/2025\/09\/tenerife-realty-logo.png","contentUrl":"https:\/\/teneriferealty.es\/wp-content\/uploads\/2025\/09\/tenerife-realty-logo.png","width":394,"height":34,"caption":"Tenerife Realty"},"image":{"@id":"https:\/\/teneriferealty.es\/de\/#\/schema\/logo\/image\/"}}]}},"_links":{"self":[{"href":"https:\/\/teneriferealty.es\/de\/wp-json\/wp\/v2\/pages\/1836","targetHints":{"allow":["GET"]}}],"collection":[{"href":"https:\/\/teneriferealty.es\/de\/wp-json\/wp\/v2\/pages"}],"about":[{"href":"https:\/\/teneriferealty.es\/de\/wp-json\/wp\/v2\/types\/page"}],"author":[{"embeddable":true,"href":"https:\/\/teneriferealty.es\/de\/wp-json\/wp\/v2\/users\/1"}],"replies":[{"embeddable":true,"href":"https:\/\/teneriferealty.es\/de\/wp-json\/wp\/v2\/comments?post=1836"}],"version-history":[{"count":6,"href":"https:\/\/teneriferealty.es\/de\/wp-json\/wp\/v2\/pages\/1836\/revisions"}],"predecessor-version":[{"id":2486,"href":"https:\/\/teneriferealty.es\/de\/wp-json\/wp\/v2\/pages\/1836\/revisions\/2486"}],"wp:attachment":[{"href":"https:\/\/teneriferealty.es\/de\/wp-json\/wp\/v2\/media?parent=1836"}],"curies":[{"name":"wp","href":"https:\/\/api.w.org\/{rel}","templated":true}]}}