{"id":1821,"date":"2025-10-02T10:44:41","date_gmt":"2025-10-02T08:44:41","guid":{"rendered":"https:\/\/teneriferealty.es\/cookies-politik\/"},"modified":"2026-01-23T13:34:15","modified_gmt":"2026-01-23T12:34:15","slug":"cookies-politik","status":"publish","type":"page","link":"https:\/\/teneriferealty.es\/de\/cookies-politik\/","title":{"rendered":"Cookies Politik"},"content":{"rendered":"\t\t<div data-elementor-type=\"wp-page\" data-elementor-id=\"1821\" class=\"elementor elementor-1821 elementor-565\" data-elementor-post-type=\"page\">\n\t\t\t\t\t\t<section class=\"elementor-section elementor-top-section elementor-element elementor-element-cafe6e0 elementor-section-height-min-height elementor-section-boxed elementor-section-height-default elementor-section-items-middle\" data-id=\"cafe6e0\" data-element_type=\"section\" data-settings=\"{&quot;background_background&quot;:&quot;classic&quot;}\">\n\t\t\t\t\t\t\t<div class=\"elementor-background-overlay\"><\/div>\n\t\t\t\t\t\t\t<div class=\"elementor-container elementor-column-gap-default\">\n\t\t\t\t\t<div class=\"elementor-column elementor-col-100 elementor-top-column elementor-element elementor-element-568aee4\" data-id=\"568aee4\" data-element_type=\"column\">\n\t\t\t<div class=\"elementor-widget-wrap elementor-element-populated\">\n\t\t\t\t\t\t<div class=\"elementor-element elementor-element-8060b8f elementor-widget elementor-widget-heading\" data-id=\"8060b8f\" data-element_type=\"widget\" data-widget_type=\"heading.default\">\n\t\t\t\t\t<h1 class=\"elementor-heading-title elementor-size-default\">Cookies Politik<\/h1>\t\t\t\t<\/div>\n\t\t\t\t\t<\/div>\n\t\t<\/div>\n\t\t\t\t\t<\/div>\n\t\t<\/section>\n\t\t\t\t<section class=\"elementor-section elementor-top-section elementor-element elementor-element-4a3a9c24 elementor-section-boxed elementor-section-height-default elementor-section-height-default\" data-id=\"4a3a9c24\" data-element_type=\"section\">\n\t\t\t\t\t\t<div class=\"elementor-container elementor-column-gap-default\">\n\t\t\t\t\t<div class=\"elementor-column elementor-col-100 elementor-top-column elementor-element elementor-element-56c2595f\" data-id=\"56c2595f\" data-element_type=\"column\">\n\t\t\t<div class=\"elementor-widget-wrap elementor-element-populated\">\n\t\t\t\t\t\t<div class=\"elementor-element elementor-element-3c2b6c4 elementor-widget elementor-widget-text-editor\" data-id=\"3c2b6c4\" data-element_type=\"widget\" data-widget_type=\"text-editor.default\">\n\t\t\t\t\t\t\t\t\t<p style=\"text-align: justify;\">Die Website teneriferealty.es, eine Domain im Besitz von <strong>TENERIFE REALTY SL<\/strong> mit N.I.F. B76777911, Postanschrift: Plaza Patricio Garc\u00eda, 6 &#8211; 38300 La Orotava (Santa Cruz de Tenerife) Spanien, Telefon <a href=\"tel:+34961651060\">+34 961 65 10 60<\/a> und E-Mail <a href=\"mailto:teneriferealty.sl@gmail.com\">teneriferealty.sl@gmail.com,<\/a> stellt diese Cookie-Richtlinie in \u00dcbereinstimmung mit der Verordnung (EU) 2016\/679 vom 27. April 2016 zur Verf\u00fcgung, \u00fcber den Schutz nat\u00fcrlicher Personen bei der Verarbeitung personenbezogener Daten, dem Organgesetz 3\/2018 vom 5. Dezember \u00fcber den Schutz personenbezogener Daten und die Gew\u00e4hrleistung digitaler Rechte und dem Gesetz 34\/2002 vom 11. Juli \u00fcber die Dienste der Informationsgesellschaft und den elektronischen Handel sowie allen anderen geltenden Vorschriften.<\/p><p style=\"text-align: justify;\"><b>WAS SIND COOKIES?<\/b><\/p><p style=\"text-align: justify;\">Cookies sind ein Hilfsmittel, das von Webservern zum Speichern und Abrufen von Informationen \u00fcber ihre Besucher verwendet wird. Es handelt sich dabei um kleine Textdateien, die wir an Ihren Computer senden, um Ihre Pr\u00e4ferenzen zu verfolgen und sie bei Ihrer R\u00fcckkehr zu speichern. Sie sind Hilfsmittel, die eine wesentliche Rolle bei der Bereitstellung vieler Dienste der Informationsgesellschaft spielen. Sie erm\u00f6glichen es einer Website unter anderem, Informationen \u00fcber die Surfgewohnheiten eines Benutzers oder seines Computers zu speichern und abzurufen. Je nach den erhaltenen Informationen k\u00f6nnen sie dazu verwendet werden, den Benutzer wiederzuerkennen und den angebotenen Service zu verbessern.   <\/p><p style=\"text-align: justify;\">Diese Website verwendet Cookies, um das Surfen auf dem Portal zu erleichtern und um die Effizienz und die Personalisierung der den Nutzern angebotenen Dienste zu erh\u00f6hen. Die verwendeten Cookies erm\u00f6glichen es, Informationen \u00fcber die Pr\u00e4ferenzen und die Sprache des Nutzers zu speichern, um ihm Inhalte und Angebote von besonderem Interesse entsprechend seinem Profil zu zeigen und die Anzahl der Aufrufe einer bestimmten Nachricht zu erfassen. <\/p><p style=\"text-align: justify;\"><b>WELCHE ARTEN VON COOKIES WERDEN VERWENDET?<\/b><\/p><p style=\"text-align: justify;\">Diese Website verwendet eigene und fremde Cookies, d.h. sie werden von einem Computer oder einer Dom\u00e4ne, die vom Herausgeber selbst verwaltet wird und von der aus der vom Benutzer angeforderte Dienst erbracht wird, sowie von einem Computer oder einer Dom\u00e4ne, die nicht vom Herausgeber, sondern von einer anderen Einheit verwaltet wird, die die durch die Cookies erhaltenen Daten verarbeitet, an das Endger\u00e4t des Benutzers gesendet. Auf der anderen Seite verwendet dieses Webportal auch die folgenden Cookies: <\/p><div class=\"table-container\"><table class=\"table-cookies\"><tbody><tr><td style=\"text-align: center; padding: 10px; border: 1px solid #aaaaaa;\" width=\"20%\"><strong>COOKIE<\/strong><\/td><td style=\"text-align: center; padding: 10px; border: 1px solid #aaaaaa;\" width=\"15%\"><strong>TYP<\/strong><\/td><td style=\"text-align: center; padding: 10px; border: 1px solid #aaaaaa;\" width=\"35%\"><strong>ZWECK<\/strong><\/td><td style=\"text-align: center; padding: 10px; border: 1px solid #aaaaaa;\" width=\"15%\"><strong>ENTIT\u00c4T<\/strong><\/td><td style=\"text-align: center; padding: 10px; border: 1px solid #aaaaaa;\" width=\"15%\"><strong>ABLAUFZEIT<\/strong><\/td><\/tr><tr><td style=\"text-align: center; padding: 10px; border: 1px solid #aaaaaa;\">cookieyes-Zustimmung<\/td><td style=\"text-align: center; padding: 10px; border: 1px solid #aaaaaa;\">Technik<\/td><td style=\"text-align: center; padding: 10px; border: 1px solid #aaaaaa;\">Zeigen Sie dem Benutzer die Cookie-Verwaltung an.<\/td><td style=\"text-align: center; padding: 10px; border: 1px solid #aaaaaa;\">Teneriffa-Immobilien<\/td><td style=\"text-align: center; padding: 10px; border: 1px solid #aaaaaa;\">1 Jahr<\/td><\/tr><\/tbody><\/table><\/div><p style=\"text-align: justify;\"><em><u>Arten von Cookies nach der Dauer, die sie aktiv bleiben<\/u><\/em><\/p><p style=\"text-align: justify;\"><em>Sitzungscookies<\/em>: dienen dazu, Daten zu sammeln und zu speichern, w\u00e4hrend der Benutzer auf eine Website zugreift. Sie werden in der Regel verwendet, um Informationen zu speichern, die nur f\u00fcr die Bereitstellung des vom Benutzer angeforderten Dienstes bei einer einzigen Gelegenheit ben\u00f6tigt werden. <\/p><p style=\"text-align: justify;\"><em>Dauerhafte Cookies<\/em>: Die Daten bleiben auf dem Endger\u00e4t gespeichert und k\u00f6nnen f\u00fcr einen von der f\u00fcr das Cookie verantwortlichen Partei festgelegten Zeitraum abgerufen und verarbeitet werden, der von einigen Minuten bis zu mehreren Jahren reichen kann.<\/p><p style=\"text-align: justify;\"><em><u>Arten von Cookies nach ihrem Zweck<\/u><\/em><\/p><p style=\"text-align: justify;\"><em>Technische Cookies<\/em>: Cookies, die es dem Benutzer erm\u00f6glichen, auf einer Website, einer Plattform oder einer Anwendung zu surfen und die verschiedenen Optionen oder Dienste zu nutzen, die es dort gibt, wie z.B. die Steuerung der Datenkommunikation, die Identifizierung der Sitzung, den Zugriff auf Bereiche mit eingeschr\u00e4nktem Zugang, die Erinnerung an die Elemente, aus denen eine Bestellung besteht, die Durchf\u00fchrung des Kaufvorgangs, die Anmeldung zu einer Veranstaltung, die Verwendung von Sicherheitselementen w\u00e4hrend des Surfens, das Teilen von Inhalten \u00fcber soziale Netzwerke usw.<\/p><p style=\"text-align: justify;\"><em>Pr\u00e4ferenz- oder Personalisierungs-Cookies<\/em>: Diese erm\u00f6glichen es dem Benutzer, auf den Dienst mit einigen allgemeinen Merkmalen zuzugreifen, die anhand einer Reihe von Kriterien im Endger\u00e4t des Benutzers vordefiniert wurden, wie z.B. Sprache, Art des Browsers, der f\u00fcr den Zugriff auf den Dienst verwendet wird, regionale Konfiguration, von der aus auf den Dienst zugegriffen wird, usw.<\/p><p style=\"text-align: justify;\"><em>Analyse-Cookies<\/em>: Diese erm\u00f6glichen es der verantwortlichen Partei, das Verhalten der Nutzer der Websites, mit denen sie verkn\u00fcpft sind, zu \u00fcberwachen und zu analysieren. Die durch diese Art von Cookies gesammelten Informationen werden verwendet, um die Aktivit\u00e4t der Websites, der Anwendung oder der Plattform zu messen und Benutzerprofile zu erstellen, um auf der Grundlage der Analyse der Daten Verbesserungen vorzunehmen. <\/p><p style=\"text-align: justify;\"><em>Cookies f\u00fcr verhaltensbasierte Werbung<\/em>: Diese speichern Informationen \u00fcber das Nutzerverhalten, die durch kontinuierliche Beobachtung der Surfgewohnheiten gewonnen werden und die es erm\u00f6glichen, ein spezifisches Profil zu erstellen, um darauf basierende Werbung anzuzeigen.<\/p><p style=\"text-align: justify;\"><em>Werbe-Cookies<\/em>: erm\u00f6glichen die m\u00f6glichst effiziente Verwaltung von Werbefl\u00e4chen.<\/p><p style=\"text-align: justify;\"><em><u>Arten von Cookies je nach der Einrichtung, die sie verwaltet<\/u><\/em><\/p><p style=\"text-align: justify;\"><em>Eigene Cookies: <\/em>Dies sind Cookies, die von einem Computer oder einer Dom\u00e4ne, die vom Editor selbst verwaltet wird und von der aus der vom Benutzer angeforderte Dienst bereitgestellt wird, an das Endger\u00e4t des Benutzers gesendet werden.<\/p><p style=\"text-align: justify;\"><em>Cookies von Drittanbietern: <\/em>Dies sind Cookies, die auf dem Computer des Benutzers gespeichert werden, aber nicht vom Eigent\u00fcmer dieser Website stammen, sondern von anderen Unternehmen.<\/p><p style=\"text-align: justify;\"><em>Cookies von externen sozialen Netzwerken<\/em>: Diese werden verwendet, damit Besucher mit den Inhalten verschiedener sozialer Plattformen interagieren k\u00f6nnen (angeben) und werden nur f\u00fcr Nutzer dieser sozialen Netzwerke erzeugt. Die Bedingungen f\u00fcr die Verwendung dieser Cookies und die gesammelten Informationen werden durch die Datenschutzrichtlinien der entsprechenden sozialen Plattform geregelt. Der Benutzer kann die Inhalte auf diesen sozialen Netzwerken mit den Schaltfl\u00e4chen, die wir zu diesem Zweck eingef\u00fcgt haben, leicht teilen.  <\/p><p style=\"text-align: justify;\"><em>Nicht klassifizierte Cookies:<\/em>Hierbei handelt es sich um Cookies, bei denen wir noch dabei sind, sie zusammen mit den Anbietern der einzelnen Cookies zu klassifizieren.<\/p><p style=\"text-align: justify;\"><b>DEAKTIVIERUNG UND L\u00d6SCHUNG VON COOKIES?<\/b><\/p><p style=\"text-align: justify;\">Sie haben die M\u00f6glichkeit, die auf Ihrem Computer installierten Cookies zuzulassen, zu blockieren oder zu l\u00f6schen, indem Sie Ihre Browseroptionen konfigurieren. Wenn Sie Cookies deaktivieren, sind einige der verf\u00fcgbaren Dienste m\u00f6glicherweise nicht mehr funktionsf\u00e4hig. Die Art und Weise, wie Sie Cookies deaktivieren, ist von Browser zu Browser unterschiedlich, kann aber in der Regel \u00fcber das Men\u00fc Extras oder Optionen vorgenommen werden. Sie k\u00f6nnen auch das Hilfemen\u00fc des Browsers konsultieren, wo Sie Anweisungen finden. Der Benutzer kann jederzeit w\u00e4hlen, welche Cookies er auf dieser Website verwenden m\u00f6chte.    <\/p><p style=\"text-align: justify;\">Sie k\u00f6nnen die auf Ihrem Computer installierten Cookies zulassen, blockieren oder l\u00f6schen, indem Sie die auf Ihrem Computer installierten Browseroptionen konfigurieren:<\/p><ul style=\"text-align: justify;\"><li>Microsoft Internet Explorer oder Microsoft Edge: <a href=\"http:\/\/windows.microsoft.com\/es-es\/windows-vista\/Block-or-allow-cookies\" target=\"_blank\" rel=\"noopener\">http:\/\/windows.microsoft.com\/es-es\/windows-vista\/Block-or-allow-cookies<\/a><\/li><li>Mozilla Firefox: <a href=\"http:\/\/support.mozilla.org\/es\/kb\/impedir-que-los-sitios-web-guarden-sus-preferencia\" target=\"_blank\" rel=\"noopener\">http:\/\/support.mozilla.org\/es\/kb\/impedir-que-los-sitios-web-guarden-sus-preferencia<\/a><\/li><li>Chrom: <a href=\"https:\/\/support.google.com\/accounts\/answer\/61416?hl=es\" target=\"_blank\" rel=\"noopener\">https:\/\/support.google.com\/accounts\/answer\/61416?hl=es<\/a><\/li><li>Safari: <a href=\"http:\/\/safari.helpmax.net\/es\/privacidad-y-seguridad\/como-gestionar-las-cookies\/\" target=\"_blank\" rel=\"noopener\">http:\/\/safari.helpmax.net\/es\/privacidad-y-seguridad\/como-gestionar-las-cookies\/<\/a><\/li><li>Oper: <a href=\"http:\/\/help.opera.com\/Linux\/10.60\/es-ES\/cookies.html\" target=\"_blank\" rel=\"noopener\">http:\/\/help.opera.com\/Linux\/10.60\/es-ES\/cookies.html<\/a><\/li><\/ul><p style=\"text-align: justify;\">Dar\u00fcber hinaus k\u00f6nnen Sie die Speicherung von Cookies in Ihrem Browser mit Hilfe von Tools wie den folgenden verwalten:<\/p><ul style=\"text-align: justify;\"><li>Ghostery: <a href=\"http:\/\/www.ghostery.com\/\" target=\"_blank\" rel=\"noopener\">ghostery.com<\/a><\/li><li>Ihre Online-Entscheidungen: <a href=\"http:\/\/www.youronlinechoices.com\/es\/\" target=\"_blank\" rel=\"noopener\">youronlinechoices.com<\/a><\/li><\/ul><p style=\"text-align: justify;\"><b>ANNAHME UND \u00c4NDERUNG DER COOKIE-RICHTLINIE?<\/b><\/p><p style=\"text-align: justify;\">Der Nutzer kann frei entscheiden, ob er die verwendeten Cookies auf seiner Festplatte installieren m\u00f6chte oder nicht, indem er die in den rechtlichen Hinweisen zu Cookies angegebenen Zustimmungszeichen verwendet. In diesem Zusammenhang k\u00f6nnen Sie Ihren Browser so konfigurieren, dass er standardm\u00e4\u00dfig alle Cookies akzeptiert oder ablehnt. Diese Website verf\u00fcgt jedoch auch \u00fcber ein Konfigurationssystem, das es dem Benutzer erm\u00f6glicht, die Annahme von Cookies je nach Zweck unterschiedlich zu verwalten.  <\/p><p style=\"text-align: justify;\">Angesichts dieser Informationen sind die folgenden Aktionen m\u00f6glich:<\/p><ul style=\"text-align: justify;\"><li>Akzeptieren Sie Cookies. Dieser Hinweis wird nicht mehr angezeigt und Sie k\u00f6nnen w\u00e4hrend der aktuellen Sitzung auf jede Seite des Portals zugreifen. <\/li><li>Cookies ablehnen. Dieser Hinweis wird dann nicht mehr angezeigt, aber der Zugriff auf die Website oder einen ihrer Bereiche kann eingeschr\u00e4nkt sein. Sie k\u00f6nnen jedoch auf den Dienst zugreifen, indem Sie auf die Schaltfl\u00e4che &#8222;Cookies verwalten&#8220; klicken.  <\/li><li>\u00c4ndern Sie Ihre Einstellungen. Sie k\u00f6nnen mehr \u00fcber die Cookie-Richtlinie erfahren und Ihre Browsereinstellungen \u00e4ndern. Sie k\u00f6nnen auch die verschiedenen Arten der verwendeten Cookies individuell ausw\u00e4hlen.  <\/li><li>Der Hinweis ist auf dieser Seite ausgeblendet, der Zugriff auf die Website oder einen ihrer Bereiche ist jedoch eingeschr\u00e4nkt.<\/li><\/ul><p style=\"text-align: justify;\">Zu diesem Zweck erkl\u00e4rt sich der Nutzer durch die Annahme dieser Datenschutzrichtlinie ausdr\u00fccklich damit einverstanden, \u00fcber die verwendeten Cookies und deren Zweck informiert zu werden.<\/p>\t\t\t\t\t\t\t\t<\/div>\n\t\t\t\t\t<\/div>\n\t\t<\/div>\n\t\t\t\t\t<\/div>\n\t\t<\/section>\n\t\t\t\t<\/div>\n\t\t","protected":false},"excerpt":{"rendered":"<p>Cookies Politik Die Website teneriferealty.es, eine Domain im Besitz von TENERIFE REALTY SL mit N.I.F. B76777911, Postanschrift: Plaza Patricio Garc\u00eda, [&hellip;]<\/p>\n","protected":false},"author":1,"featured_media":0,"parent":0,"menu_order":0,"comment_status":"closed","ping_status":"closed","template":"","meta":{"_acf_changed":false,"site-sidebar-layout":"no-sidebar","site-content-layout":"","ast-site-content-layout":"full-width-container","site-content-style":"default","site-sidebar-style":"default","ast-global-header-display":"","ast-banner-title-visibility":"disabled","ast-main-header-display":"","ast-hfb-above-header-display":"","ast-hfb-below-header-display":"","ast-hfb-mobile-header-display":"","site-post-title":"disabled","ast-breadcrumbs-content":"disabled","ast-featured-img":"disabled","footer-sml-layout":"","theme-transparent-header-meta":"default","adv-header-id-meta":"","stick-header-meta":"","header-above-stick-meta":"","header-main-stick-meta":"","header-below-stick-meta":"","astra-migrate-meta-layouts":"set","ast-page-background-enabled":"default","ast-page-background-meta":{"desktop":{"background-color":"var(--ast-global-color-5)","background-image":"","background-repeat":"repeat","background-position":"center center","background-size":"auto","background-attachment":"scroll","background-type":"","background-media":"","overlay-type":"","overlay-color":"","overlay-opacity":"","overlay-gradient":""},"tablet":{"background-color":"","background-image":"","background-repeat":"repeat","background-position":"center center","background-size":"auto","background-attachment":"scroll","background-type":"","background-media":"","overlay-type":"","overlay-color":"","overlay-opacity":"","overlay-gradient":""},"mobile":{"background-color":"","background-image":"","background-repeat":"repeat","background-position":"center center","background-size":"auto","background-attachment":"scroll","background-type":"","background-media":"","overlay-type":"","overlay-color":"","overlay-opacity":"","overlay-gradient":""}},"ast-content-background-meta":{"desktop":{"background-color":"var(--ast-global-color-4)","background-image":"","background-repeat":"repeat","background-position":"center center","background-size":"auto","background-attachment":"scroll","background-type":"","background-media":"","overlay-type":"","overlay-color":"","overlay-opacity":"","overlay-gradient":""},"tablet":{"background-color":"var(--ast-global-color-4)","background-image":"","background-repeat":"repeat","background-position":"center center","background-size":"auto","background-attachment":"scroll","background-type":"","background-media":"","overlay-type":"","overlay-color":"","overlay-opacity":"","overlay-gradient":""},"mobile":{"background-color":"var(--ast-global-color-4)","background-image":"","background-repeat":"repeat","background-position":"center center","background-size":"auto","background-attachment":"scroll","background-type":"","background-media":"","overlay-type":"","overlay-color":"","overlay-opacity":"","overlay-gradient":""}},"_joinchat":[],"footnotes":""},"class_list":["post-1821","page","type-page","status-publish","hentry"],"acf":[],"yoast_head":"<!-- This site is optimized with the Yoast SEO plugin v25.8 - https:\/\/yoast.com\/wordpress\/plugins\/seo\/ -->\n<title>Cookies Politik - Tenerife Realty<\/title>\n<meta name=\"robots\" content=\"index, follow, max-snippet:-1, max-image-preview:large, max-video-preview:-1\" \/>\n<link rel=\"canonical\" href=\"https:\/\/teneriferealty.es\/de\/cookies-politik\/\" \/>\n<meta property=\"og:locale\" content=\"de_DE\" \/>\n<meta property=\"og:type\" content=\"article\" \/>\n<meta property=\"og:title\" content=\"Cookies Politik - Tenerife Realty\" \/>\n<meta property=\"og:description\" content=\"Cookies Politik Die Website teneriferealty.es, eine Domain im Besitz von TENERIFE REALTY SL mit N.I.F. B76777911, Postanschrift: Plaza Patricio Garc\u00eda, [&hellip;]\" \/>\n<meta property=\"og:url\" content=\"https:\/\/teneriferealty.es\/de\/cookies-politik\/\" \/>\n<meta property=\"og:site_name\" content=\"Tenerife Realty\" \/>\n<meta property=\"article:modified_time\" content=\"2026-01-23T12:34:15+00:00\" \/>\n<meta name=\"twitter:card\" content=\"summary_large_image\" \/>\n<meta name=\"twitter:label1\" content=\"Gesch\u00e4tzte Lesezeit\" \/>\n\t<meta name=\"twitter:data1\" content=\"7\u00a0Minuten\" \/>\n<script type=\"application\/ld+json\" class=\"yoast-schema-graph\">{\"@context\":\"https:\/\/schema.org\",\"@graph\":[{\"@type\":\"WebPage\",\"@id\":\"https:\/\/teneriferealty.es\/de\/cookies-politik\/\",\"url\":\"https:\/\/teneriferealty.es\/de\/cookies-politik\/\",\"name\":\"Cookies Politik - Tenerife Realty\",\"isPartOf\":{\"@id\":\"https:\/\/teneriferealty.es\/de\/#website\"},\"datePublished\":\"2025-10-02T08:44:41+00:00\",\"dateModified\":\"2026-01-23T12:34:15+00:00\",\"breadcrumb\":{\"@id\":\"https:\/\/teneriferealty.es\/de\/cookies-politik\/#breadcrumb\"},\"inLanguage\":\"de\",\"potentialAction\":[{\"@type\":\"ReadAction\",\"target\":[\"https:\/\/teneriferealty.es\/de\/cookies-politik\/\"]}]},{\"@type\":\"BreadcrumbList\",\"@id\":\"https:\/\/teneriferealty.es\/de\/cookies-politik\/#breadcrumb\",\"itemListElement\":[{\"@type\":\"ListItem\",\"position\":1,\"name\":\"Hauptseite\",\"item\":\"https:\/\/teneriferealty.es\/de\/startseite\/\"},{\"@type\":\"ListItem\",\"position\":2,\"name\":\"Cookies Politik\"}]},{\"@type\":\"WebSite\",\"@id\":\"https:\/\/teneriferealty.es\/de\/#website\",\"url\":\"https:\/\/teneriferealty.es\/de\/\",\"name\":\"Tenerife Realty\",\"description\":\"Luxus-Immobilien auf Teneriffa\",\"publisher\":{\"@id\":\"https:\/\/teneriferealty.es\/de\/#organization\"},\"potentialAction\":[{\"@type\":\"SearchAction\",\"target\":{\"@type\":\"EntryPoint\",\"urlTemplate\":\"https:\/\/teneriferealty.es\/de\/?s={search_term_string}\"},\"query-input\":{\"@type\":\"PropertyValueSpecification\",\"valueRequired\":true,\"valueName\":\"search_term_string\"}}],\"inLanguage\":\"de\"},{\"@type\":\"Organization\",\"@id\":\"https:\/\/teneriferealty.es\/de\/#organization\",\"name\":\"Tenerife Realty\",\"url\":\"https:\/\/teneriferealty.es\/de\/\",\"logo\":{\"@type\":\"ImageObject\",\"inLanguage\":\"de\",\"@id\":\"https:\/\/teneriferealty.es\/de\/#\/schema\/logo\/image\/\",\"url\":\"https:\/\/teneriferealty.es\/wp-content\/uploads\/2025\/09\/tenerife-realty-logo.png\",\"contentUrl\":\"https:\/\/teneriferealty.es\/wp-content\/uploads\/2025\/09\/tenerife-realty-logo.png\",\"width\":394,\"height\":34,\"caption\":\"Tenerife Realty\"},\"image\":{\"@id\":\"https:\/\/teneriferealty.es\/de\/#\/schema\/logo\/image\/\"}}]}<\/script>\n<!-- \/ Yoast SEO plugin. -->","yoast_head_json":{"title":"Cookies Politik - Tenerife Realty","robots":{"index":"index","follow":"follow","max-snippet":"max-snippet:-1","max-image-preview":"max-image-preview:large","max-video-preview":"max-video-preview:-1"},"canonical":"https:\/\/teneriferealty.es\/de\/cookies-politik\/","og_locale":"de_DE","og_type":"article","og_title":"Cookies Politik - Tenerife Realty","og_description":"Cookies Politik Die Website teneriferealty.es, eine Domain im Besitz von TENERIFE REALTY SL mit N.I.F. B76777911, Postanschrift: Plaza Patricio Garc\u00eda, [&hellip;]","og_url":"https:\/\/teneriferealty.es\/de\/cookies-politik\/","og_site_name":"Tenerife Realty","article_modified_time":"2026-01-23T12:34:15+00:00","twitter_card":"summary_large_image","twitter_misc":{"Gesch\u00e4tzte Lesezeit":"7\u00a0Minuten"},"schema":{"@context":"https:\/\/schema.org","@graph":[{"@type":"WebPage","@id":"https:\/\/teneriferealty.es\/de\/cookies-politik\/","url":"https:\/\/teneriferealty.es\/de\/cookies-politik\/","name":"Cookies Politik - Tenerife Realty","isPartOf":{"@id":"https:\/\/teneriferealty.es\/de\/#website"},"datePublished":"2025-10-02T08:44:41+00:00","dateModified":"2026-01-23T12:34:15+00:00","breadcrumb":{"@id":"https:\/\/teneriferealty.es\/de\/cookies-politik\/#breadcrumb"},"inLanguage":"de","potentialAction":[{"@type":"ReadAction","target":["https:\/\/teneriferealty.es\/de\/cookies-politik\/"]}]},{"@type":"BreadcrumbList","@id":"https:\/\/teneriferealty.es\/de\/cookies-politik\/#breadcrumb","itemListElement":[{"@type":"ListItem","position":1,"name":"Hauptseite","item":"https:\/\/teneriferealty.es\/de\/startseite\/"},{"@type":"ListItem","position":2,"name":"Cookies Politik"}]},{"@type":"WebSite","@id":"https:\/\/teneriferealty.es\/de\/#website","url":"https:\/\/teneriferealty.es\/de\/","name":"Tenerife Realty","description":"Luxus-Immobilien auf Teneriffa","publisher":{"@id":"https:\/\/teneriferealty.es\/de\/#organization"},"potentialAction":[{"@type":"SearchAction","target":{"@type":"EntryPoint","urlTemplate":"https:\/\/teneriferealty.es\/de\/?s={search_term_string}"},"query-input":{"@type":"PropertyValueSpecification","valueRequired":true,"valueName":"search_term_string"}}],"inLanguage":"de"},{"@type":"Organization","@id":"https:\/\/teneriferealty.es\/de\/#organization","name":"Tenerife Realty","url":"https:\/\/teneriferealty.es\/de\/","logo":{"@type":"ImageObject","inLanguage":"de","@id":"https:\/\/teneriferealty.es\/de\/#\/schema\/logo\/image\/","url":"https:\/\/teneriferealty.es\/wp-content\/uploads\/2025\/09\/tenerife-realty-logo.png","contentUrl":"https:\/\/teneriferealty.es\/wp-content\/uploads\/2025\/09\/tenerife-realty-logo.png","width":394,"height":34,"caption":"Tenerife Realty"},"image":{"@id":"https:\/\/teneriferealty.es\/de\/#\/schema\/logo\/image\/"}}]}},"_links":{"self":[{"href":"https:\/\/teneriferealty.es\/de\/wp-json\/wp\/v2\/pages\/1821","targetHints":{"allow":["GET"]}}],"collection":[{"href":"https:\/\/teneriferealty.es\/de\/wp-json\/wp\/v2\/pages"}],"about":[{"href":"https:\/\/teneriferealty.es\/de\/wp-json\/wp\/v2\/types\/page"}],"author":[{"embeddable":true,"href":"https:\/\/teneriferealty.es\/de\/wp-json\/wp\/v2\/users\/1"}],"replies":[{"embeddable":true,"href":"https:\/\/teneriferealty.es\/de\/wp-json\/wp\/v2\/comments?post=1821"}],"version-history":[{"count":4,"href":"https:\/\/teneriferealty.es\/de\/wp-json\/wp\/v2\/pages\/1821\/revisions"}],"predecessor-version":[{"id":2492,"href":"https:\/\/teneriferealty.es\/de\/wp-json\/wp\/v2\/pages\/1821\/revisions\/2492"}],"wp:attachment":[{"href":"https:\/\/teneriferealty.es\/de\/wp-json\/wp\/v2\/media?parent=1821"}],"curies":[{"name":"wp","href":"https:\/\/api.w.org\/{rel}","templated":true}]}}