{"id":1812,"date":"2025-10-02T10:36:35","date_gmt":"2025-10-02T08:36:35","guid":{"rendered":"https:\/\/teneriferealty.es\/rechtlicher-hinweis\/"},"modified":"2026-01-23T13:34:58","modified_gmt":"2026-01-23T12:34:58","slug":"rechtlicher-hinweis","status":"publish","type":"page","link":"https:\/\/teneriferealty.es\/de\/rechtlicher-hinweis\/","title":{"rendered":"Rechtlicher Hinweis"},"content":{"rendered":"\t\t<div data-elementor-type=\"wp-page\" data-elementor-id=\"1812\" class=\"elementor elementor-1812 elementor-554\" data-elementor-post-type=\"page\">\n\t\t\t\t\t\t<section class=\"elementor-section elementor-top-section elementor-element elementor-element-cafe6e0 elementor-section-height-min-height elementor-section-boxed elementor-section-height-default elementor-section-items-middle\" data-id=\"cafe6e0\" data-element_type=\"section\" data-settings=\"{&quot;background_background&quot;:&quot;classic&quot;}\">\n\t\t\t\t\t\t\t<div class=\"elementor-background-overlay\"><\/div>\n\t\t\t\t\t\t\t<div class=\"elementor-container elementor-column-gap-default\">\n\t\t\t\t\t<div class=\"elementor-column elementor-col-100 elementor-top-column elementor-element elementor-element-568aee4\" data-id=\"568aee4\" data-element_type=\"column\">\n\t\t\t<div class=\"elementor-widget-wrap elementor-element-populated\">\n\t\t\t\t\t\t<div class=\"elementor-element elementor-element-8060b8f elementor-widget elementor-widget-heading\" data-id=\"8060b8f\" data-element_type=\"widget\" data-widget_type=\"heading.default\">\n\t\t\t\t\t<h1 class=\"elementor-heading-title elementor-size-default\">Rechtlicher Hinweis<\/h1>\t\t\t\t<\/div>\n\t\t\t\t\t<\/div>\n\t\t<\/div>\n\t\t\t\t\t<\/div>\n\t\t<\/section>\n\t\t\t\t<section class=\"elementor-section elementor-top-section elementor-element elementor-element-4a3a9c24 elementor-section-boxed elementor-section-height-default elementor-section-height-default\" data-id=\"4a3a9c24\" data-element_type=\"section\">\n\t\t\t\t\t\t<div class=\"elementor-container elementor-column-gap-default\">\n\t\t\t\t\t<div class=\"elementor-column elementor-col-100 elementor-top-column elementor-element elementor-element-56c2595f\" data-id=\"56c2595f\" data-element_type=\"column\">\n\t\t\t<div class=\"elementor-widget-wrap elementor-element-populated\">\n\t\t\t\t\t\t<div class=\"elementor-element elementor-element-3c2b6c4 elementor-widget elementor-widget-text-editor\" data-id=\"3c2b6c4\" data-element_type=\"widget\" data-widget_type=\"text-editor.default\">\n\t\t\t\t\t\t\t\t\t<p style=\"text-align: justify;\"><strong style=\"text-transform: uppercase;\">Identifizierung der f\u00fcr die Website verantwortlichen Person<\/strong><\/p><p style=\"text-align: justify;\">Die vorliegenden Bestimmungen regeln die Nutzung des Dienstes des Internetportals teneriferealty.es, Domain im Besitz von <strong>TENERIFE REALTY SL<\/strong> mit N.I.F. B76777911, Postanschrift Plaza Patricio Garc\u00eda, 6 &#8211; 38300 La Orotava (Santa Cruz de Tenerife) Spanien, Telefon <a href=\"tel:+34961651060\">+34 961 65 10 60<\/a> und E-Mail <a href=\"mailto:teneriferealty.sl@gmail.com\">teneriferealty.sl@gmail.com.<\/a><\/p><p style=\"text-align: justify;\">Dies ist eine Website, die das oben genannte Unternehmen den Internetnutzern zur Verf\u00fcgung stellt, was die Nutzung dieses Portals und die Annahme der in dieser Mitteilung enthaltenen Nutzungsbedingungen durch den Nutzer voraussetzt.<\/p><p style=\"text-align: justify;\">Der Eigent\u00fcmer weist darauf hin, dass sowohl die Inhalte und Dienstleistungen dieser Website als auch die Nutzungsbedingungen ohne vorherige Ank\u00fcndigung ge\u00e4ndert werden k\u00f6nnen. Dar\u00fcber hinaus teilt er mit, dass er den Zugang zu den Inhalten der Seite jederzeit und ohne Vorank\u00fcndigung beenden, aussetzen oder unterbrechen kann, ohne dass der Nutzer Anspruch auf irgendeine Entsch\u00e4digung hat. <\/p><p style=\"text-align: justify;\">Wenn Sie die in diesem rechtlichen Hinweis aufgef\u00fchrten Klauseln nicht akzeptieren, m\u00fcssen Sie davon absehen, auf die Ihnen auf diesem Portal zur Verf\u00fcgung gestellten Dienste und\/oder Inhalte zuzugreifen und\/oder diese zu nutzen, und Sie m\u00fcssen das Portal verlassen.<\/p><p style=\"text-align: justify;\"><strong style=\"text-transform: uppercase;\">Geistiges und gewerbliches Eigentum<\/strong><\/p><p style=\"text-align: justify;\">Der gesamte Inhalt dieser Website, einschlie\u00dflich der Texte, Fotografien, Grafiken, Bilder, Icons, Technologien, Software, Links und anderer audiovisueller oder akustischer Inhalte sowie das grafische Design und die Quellcodes sind Eigentum des Eigent\u00fcmers oder Dritter, und keines der Nutzungsrechte, die von der geltenden Gesetzgebung zum geistigen Eigentum anerkannt werden, kann als auf den Nutzer \u00fcbertragen verstanden werden, mit Ausnahme derjenigen, die f\u00fcr die Nutzung des Portals unbedingt erforderlich sind.<\/p><p style=\"text-align: justify;\">Die Marken, Handelsnamen oder Unterscheidungszeichen sind Eigentum des Eigent\u00fcmers oder Dritter, und der Zugriff auf das Portal kann nicht so ausgelegt werden, dass damit Rechte an den genannten Marken, Handelsnamen oder Unterscheidungszeichen verbunden sind.<\/p><p style=\"text-align: justify;\">Der Eigent\u00fcmer garantiert nicht, dass die Inhalte korrekt oder fehlerfrei sind oder dass die freie Nutzung der Inhalte durch den Nutzer nicht die Rechte Dritter verletzt. Die richtige oder falsche Nutzung dieser Website und ihrer Inhalte erfolgt auf eigenes Risiko des Nutzers. <\/p><p style=\"text-align: justify;\">Ebenso ist es verboten, die auf der Website enthaltenen Informationen ganz oder teilweise zu reproduzieren, weiterzuleiten, zu kopieren, zu \u00fcbertragen oder erneut auszustrahlen, zu welchem Zweck und mit welchen Mitteln auch immer, ohne die vorherige Genehmigung der verantwortlichen Partei.<\/p><p style=\"text-align: justify;\"><strong style=\"text-transform: uppercase;\">Allgemeine Gesch\u00e4ftsbedingungen f\u00fcr die Nutzung des Portals<\/strong><\/p><p style=\"text-align: justify;\">a) Der Nutzer verpflichtet sich, die Website nicht f\u00fcr Aktivit\u00e4ten zu nutzen, die gegen das Gesetz, die Moral oder die \u00f6ffentliche Ordnung versto\u00dfen, und ist generell verpflichtet, das Portal in \u00dcbereinstimmung mit den gesetzlichen Bestimmungen und den Klauseln des vorliegenden rechtlichen Hinweises korrekt zu nutzen, und haftet dem Eigent\u00fcmer gegen\u00fcber f\u00fcr alle Sch\u00e4den, die sich aus der Nichteinhaltung dieser Verpflichtung ergeben k\u00f6nnen.<\/p><p style=\"text-align: justify;\">b) Inhalt<\/p><p style=\"text-align: justify;\">Der Nutzer verpflichtet sich, die Inhalte dieser Website in \u00dcbereinstimmung mit diesen rechtlichen Hinweisen zu nutzen und sie nicht zu vervielf\u00e4ltigen, zu kopieren, zu verbreiten, zur Verf\u00fcgung zu stellen, \u00f6ffentlich zu kommunizieren, umzuwandeln oder zu ver\u00e4ndern, es sei denn, dies ist gesetzlich erlaubt oder wurde vom Eigent\u00fcmer ausdr\u00fccklich genehmigt.<\/p><p style=\"text-align: justify;\">Der Inhalt der angebotenen Dienste und ihre Nutzung sind auf Benutzer \u00fcber 18 Jahre beschr\u00e4nkt. Nutzer \u00fcber 18 Jahre, die f\u00fcr Minderj\u00e4hrige verantwortlich sind, werden darauf hingewiesen, dass es in ihrer alleinigen Verantwortung liegt, zu bestimmen, welche Dienste und\/oder Inhalte f\u00fcr Minderj\u00e4hrige nicht geeignet sind. Im Falle des Zugriffs und der Registrierung eines Minderj\u00e4hrigen wird davon ausgegangen, dass dieser Zugriff mit der vorherigen und ausdr\u00fccklichen Genehmigung seiner Eltern, seines Vormunds oder seines gesetzlichen Vertreters erfolgt ist, wof\u00fcr sich der Eigent\u00fcmer das Recht vorbeh\u00e4lt, alle \u00dcberpr\u00fcfungen und Kontrollen durchzuf\u00fchren, die er in dieser Hinsicht f\u00fcr angemessen h\u00e4lt.  <\/p><p style=\"text-align: justify;\">c) Formulare zur Datenerfassung<\/p><p style=\"text-align: justify;\">Unbeschadet der Bestimmungen der Klausel \u00fcber den Schutz personenbezogener Daten m\u00fcssen alle Informationen, die der Nutzer \u00fcber die Formulare des Portals angibt, wahrheitsgem\u00e4\u00df sein, wobei die Echtheit aller angegebenen Daten gew\u00e4hrleistet sein muss, und der Nutzer tr\u00e4gt die alleinige Verantwortung f\u00fcr falsche oder ungenaue Angaben und f\u00fcr etwaige Sch\u00e4den.<\/p><p style=\"text-align: justify;\">d) Einf\u00fchrung von Links<\/p><p style=\"text-align: justify;\">Diese Seite kann Links zu Websites von Dritten enthalten. Wir weisen darauf hin, dass die Seiten dieser Dritten nicht \u00fcberpr\u00fcft wurden und nicht der Kontrolle des Eigent\u00fcmers dieser Website unterliegen. Daher kann er weder f\u00fcr den Inhalt dieser Websites noch f\u00fcr die Ma\u00dfnahmen verantwortlich gemacht werden, die in Bezug auf Ihre Privatsph\u00e4re oder die Verarbeitung Ihrer pers\u00f6nlichen Daten oder anderer Daten ergriffen werden. <\/p><p style=\"text-align: justify;\">Der Nutzer, der Links von Seiten seines Eigentums einf\u00fcgen m\u00f6chte, muss eine ausdr\u00fcckliche Genehmigung einholen und die nachstehenden Bedingungen einhalten:<\/p><p style=\"text-align: justify;\">Der Link verweist nur auf die Startseite des Portals, darf diese aber nicht in irgendeiner Form reproduzieren.<\/p><p style=\"text-align: justify;\">Es ist in jedem Fall verboten, in \u00dcbereinstimmung mit der geltenden Gesetzgebung Frames jeglicher Art einzurichten, die die Visualisierung der Inhalte \u00fcber andere Internetadressen als die des Portals erm\u00f6glichen, und in jedem Fall, wenn die Inhalte gemeinsam mit denen au\u00dferhalb des Portals in einer Weise visualisiert werden, die:<\/p><ul style=\"text-align: justify;\"><li>bei den Nutzern Irrt\u00fcmer, Verwirrung oder T\u00e4uschung \u00fcber die wahre Herkunft des Dienstes hervorruft oder hervorrufen k\u00f6nnte.<\/li><li>Nehmen Sie einen unfairen Vergleich oder eine Nachahmung an.<\/li><li>Sie dient dazu, den Ruf und das Prestige der Marke eines Unternehmens oder eines Fachmanns zu st\u00e4rken.<\/li><\/ul><p style=\"text-align: justify;\">Der Eigent\u00fcmer beh\u00e4lt sich jedoch das Recht vor, der Aktivierung von Links zu seiner Website zu widersprechen.<\/p><p style=\"text-align: justify;\"><strong style=\"text-transform: uppercase;\">Ausschluss der Haftung<\/strong><\/p><p style=\"text-align: justify;\">Der Eigent\u00fcmer dieses Portals handelt ausschlie\u00dflich als Verantwortlicher f\u00fcr die Seite in seiner Eigenschaft als Anbieter eines Informations- und Inhaltsdienstes, entweder auf seinen eigenen Diensten oder auf den Diensten Dritter, mit denen er Vereinbarungen unterzeichnet hat, und \u00fcbernimmt keine Verantwortung f\u00fcr die Inhalte, die die Nutzer entgegen diesen Bedingungen senden oder ver\u00f6ffentlichen, wobei der Nutzer allein f\u00fcr die Wahrhaftigkeit und Rechtm\u00e4\u00dfigkeit derselben verantwortlich ist. Sie haftet weder f\u00fcr Entscheidungen, die auf der Grundlage der auf dem Portal zur Verf\u00fcgung gestellten Informationen getroffen werden, noch f\u00fcr Sch\u00e4den, die durch den Nutzer oder Dritte infolge von Handlungen verursacht werden, deren einzige Grundlage die auf dem Portal erhaltenen Informationen sind. <\/p><p style=\"text-align: justify;\">Insbesondere ist der Inhaber auch nicht haftbar f\u00fcr:<\/p><ul style=\"text-align: justify;\"><li>Die Qualit\u00e4t des Dienstes, die Geschwindigkeit des Zugriffs, die korrekte Funktionsweise sowie die Verf\u00fcgbarkeit und Kontinuit\u00e4t des Betriebs der Website.<\/li><li>Sch\u00e4den, die durch die Nutzung der Website an den Ger\u00e4ten des Nutzers verursacht werden k\u00f6nnen.<\/li><li>F\u00e4lle, in denen ein Dritter unter Versto\u00df gegen die bestehenden Sicherheitsma\u00dfnahmen auf Nachrichten zugreift oder diese zur \u00dcbertragung von Computerviren nutzt.<\/li><li>Unzul\u00e4nglichkeiten und M\u00e4ngel jeglicher Art in den \u00fcbermittelten, verbreiteten, gespeicherten oder zur Verf\u00fcgung gestellten Inhalten.<\/li><li>Die Rechtm\u00e4\u00dfigkeit, Zuverl\u00e4ssigkeit und N\u00fctzlichkeit der Inhalte, die Nutzer durch die Nutzung der Website oder der darin angebotenen Dienste \u00fcbermitteln, sowie deren Wahrheitsgehalt oder Genauigkeit.<\/li><\/ul><p style=\"text-align: justify;\">Als Beispiel und ohne Einschr\u00e4nkung ist der Nutzer verantwortlich f\u00fcr:<\/p><ul style=\"text-align: justify;\"><li>der von ihnen eingegebenen Inhalte, insbesondere der \u00fcber das Webportal eingegebenen und gesendeten Daten und Informationen.<\/li><li>Jede Art von Handlungen auf den Seiten Dritter oder Handlungen, die rechtswidrig, rechtsverletzend, sch\u00e4dlich und\/oder sch\u00e4digend sind, zu unterlassen.<\/li><\/ul><p style=\"text-align: justify;\">Die Nichteinhaltung einer der oben genannten Verpflichtungen durch den Nutzer kann dazu f\u00fchren, dass das Unternehmen in Aus\u00fcbung seiner Rechte und Pflichten geeignete Ma\u00dfnahmen ergreift, die zur L\u00f6schung oder Sperrung des Kontos des fehlbaren Nutzers f\u00fchren k\u00f6nnen, ohne dass die M\u00f6glichkeit einer Entsch\u00e4digung f\u00fcr entstandene Sch\u00e4den besteht.<\/p><p style=\"text-align: justify;\"><strong style=\"text-transform: uppercase;\">Gesetzgebung<\/strong><\/p><p style=\"text-align: justify;\">Dieser Rechtliche Hinweis unterliegt in allen seinen Punkten und f\u00fcr die darin nicht genannten Punkte dem geltenden spanischen Recht.<\/p>\t\t\t\t\t\t\t\t<\/div>\n\t\t\t\t\t<\/div>\n\t\t<\/div>\n\t\t\t\t\t<\/div>\n\t\t<\/section>\n\t\t\t\t<\/div>\n\t\t","protected":false},"excerpt":{"rendered":"<p>Rechtlicher Hinweis Identifizierung der f\u00fcr die Website verantwortlichen Person Die vorliegenden Bestimmungen regeln die Nutzung des Dienstes des Internetportals teneriferealty.es, [&hellip;]<\/p>\n","protected":false},"author":1,"featured_media":0,"parent":0,"menu_order":0,"comment_status":"closed","ping_status":"closed","template":"","meta":{"_acf_changed":false,"site-sidebar-layout":"no-sidebar","site-content-layout":"","ast-site-content-layout":"full-width-container","site-content-style":"default","site-sidebar-style":"default","ast-global-header-display":"","ast-banner-title-visibility":"disabled","ast-main-header-display":"","ast-hfb-above-header-display":"","ast-hfb-below-header-display":"","ast-hfb-mobile-header-display":"","site-post-title":"disabled","ast-breadcrumbs-content":"disabled","ast-featured-img":"disabled","footer-sml-layout":"","theme-transparent-header-meta":"default","adv-header-id-meta":"","stick-header-meta":"","header-above-stick-meta":"","header-main-stick-meta":"","header-below-stick-meta":"","astra-migrate-meta-layouts":"set","ast-page-background-enabled":"default","ast-page-background-meta":{"desktop":{"background-color":"var(--ast-global-color-5)","background-image":"","background-repeat":"repeat","background-position":"center center","background-size":"auto","background-attachment":"scroll","background-type":"","background-media":"","overlay-type":"","overlay-color":"","overlay-opacity":"","overlay-gradient":""},"tablet":{"background-color":"","background-image":"","background-repeat":"repeat","background-position":"center center","background-size":"auto","background-attachment":"scroll","background-type":"","background-media":"","overlay-type":"","overlay-color":"","overlay-opacity":"","overlay-gradient":""},"mobile":{"background-color":"","background-image":"","background-repeat":"repeat","background-position":"center center","background-size":"auto","background-attachment":"scroll","background-type":"","background-media":"","overlay-type":"","overlay-color":"","overlay-opacity":"","overlay-gradient":""}},"ast-content-background-meta":{"desktop":{"background-color":"var(--ast-global-color-4)","background-image":"","background-repeat":"repeat","background-position":"center center","background-size":"auto","background-attachment":"scroll","background-type":"","background-media":"","overlay-type":"","overlay-color":"","overlay-opacity":"","overlay-gradient":""},"tablet":{"background-color":"var(--ast-global-color-4)","background-image":"","background-repeat":"repeat","background-position":"center center","background-size":"auto","background-attachment":"scroll","background-type":"","background-media":"","overlay-type":"","overlay-color":"","overlay-opacity":"","overlay-gradient":""},"mobile":{"background-color":"var(--ast-global-color-4)","background-image":"","background-repeat":"repeat","background-position":"center center","background-size":"auto","background-attachment":"scroll","background-type":"","background-media":"","overlay-type":"","overlay-color":"","overlay-opacity":"","overlay-gradient":""}},"_joinchat":[],"footnotes":""},"class_list":["post-1812","page","type-page","status-publish","hentry"],"acf":[],"yoast_head":"<!-- This site is optimized with the Yoast SEO plugin v25.8 - https:\/\/yoast.com\/wordpress\/plugins\/seo\/ -->\n<title>Rechtlicher Hinweis - Tenerife Realty<\/title>\n<meta name=\"robots\" content=\"index, follow, max-snippet:-1, max-image-preview:large, max-video-preview:-1\" \/>\n<link rel=\"canonical\" href=\"https:\/\/teneriferealty.es\/de\/rechtlicher-hinweis\/\" \/>\n<meta property=\"og:locale\" content=\"de_DE\" \/>\n<meta property=\"og:type\" content=\"article\" \/>\n<meta property=\"og:title\" content=\"Rechtlicher Hinweis - Tenerife Realty\" \/>\n<meta property=\"og:description\" content=\"Rechtlicher Hinweis Identifizierung der f\u00fcr die Website verantwortlichen Person Die vorliegenden Bestimmungen regeln die Nutzung des Dienstes des Internetportals teneriferealty.es, [&hellip;]\" \/>\n<meta property=\"og:url\" content=\"https:\/\/teneriferealty.es\/de\/rechtlicher-hinweis\/\" \/>\n<meta property=\"og:site_name\" content=\"Tenerife Realty\" \/>\n<meta property=\"article:modified_time\" content=\"2026-01-23T12:34:58+00:00\" \/>\n<meta name=\"twitter:card\" content=\"summary_large_image\" \/>\n<meta name=\"twitter:label1\" content=\"Gesch\u00e4tzte Lesezeit\" \/>\n\t<meta name=\"twitter:data1\" content=\"6\u00a0Minuten\" \/>\n<script type=\"application\/ld+json\" class=\"yoast-schema-graph\">{\"@context\":\"https:\/\/schema.org\",\"@graph\":[{\"@type\":\"WebPage\",\"@id\":\"https:\/\/teneriferealty.es\/de\/rechtlicher-hinweis\/\",\"url\":\"https:\/\/teneriferealty.es\/de\/rechtlicher-hinweis\/\",\"name\":\"Rechtlicher Hinweis - Tenerife Realty\",\"isPartOf\":{\"@id\":\"https:\/\/teneriferealty.es\/de\/#website\"},\"datePublished\":\"2025-10-02T08:36:35+00:00\",\"dateModified\":\"2026-01-23T12:34:58+00:00\",\"breadcrumb\":{\"@id\":\"https:\/\/teneriferealty.es\/de\/rechtlicher-hinweis\/#breadcrumb\"},\"inLanguage\":\"de\",\"potentialAction\":[{\"@type\":\"ReadAction\",\"target\":[\"https:\/\/teneriferealty.es\/de\/rechtlicher-hinweis\/\"]}]},{\"@type\":\"BreadcrumbList\",\"@id\":\"https:\/\/teneriferealty.es\/de\/rechtlicher-hinweis\/#breadcrumb\",\"itemListElement\":[{\"@type\":\"ListItem\",\"position\":1,\"name\":\"Hauptseite\",\"item\":\"https:\/\/teneriferealty.es\/de\/startseite\/\"},{\"@type\":\"ListItem\",\"position\":2,\"name\":\"Rechtlicher Hinweis\"}]},{\"@type\":\"WebSite\",\"@id\":\"https:\/\/teneriferealty.es\/de\/#website\",\"url\":\"https:\/\/teneriferealty.es\/de\/\",\"name\":\"Tenerife Realty\",\"description\":\"Luxus-Immobilien auf Teneriffa\",\"publisher\":{\"@id\":\"https:\/\/teneriferealty.es\/de\/#organization\"},\"potentialAction\":[{\"@type\":\"SearchAction\",\"target\":{\"@type\":\"EntryPoint\",\"urlTemplate\":\"https:\/\/teneriferealty.es\/de\/?s={search_term_string}\"},\"query-input\":{\"@type\":\"PropertyValueSpecification\",\"valueRequired\":true,\"valueName\":\"search_term_string\"}}],\"inLanguage\":\"de\"},{\"@type\":\"Organization\",\"@id\":\"https:\/\/teneriferealty.es\/de\/#organization\",\"name\":\"Tenerife Realty\",\"url\":\"https:\/\/teneriferealty.es\/de\/\",\"logo\":{\"@type\":\"ImageObject\",\"inLanguage\":\"de\",\"@id\":\"https:\/\/teneriferealty.es\/de\/#\/schema\/logo\/image\/\",\"url\":\"https:\/\/teneriferealty.es\/wp-content\/uploads\/2025\/09\/tenerife-realty-logo.png\",\"contentUrl\":\"https:\/\/teneriferealty.es\/wp-content\/uploads\/2025\/09\/tenerife-realty-logo.png\",\"width\":394,\"height\":34,\"caption\":\"Tenerife Realty\"},\"image\":{\"@id\":\"https:\/\/teneriferealty.es\/de\/#\/schema\/logo\/image\/\"}}]}<\/script>\n<!-- \/ Yoast SEO plugin. -->","yoast_head_json":{"title":"Rechtlicher Hinweis - Tenerife Realty","robots":{"index":"index","follow":"follow","max-snippet":"max-snippet:-1","max-image-preview":"max-image-preview:large","max-video-preview":"max-video-preview:-1"},"canonical":"https:\/\/teneriferealty.es\/de\/rechtlicher-hinweis\/","og_locale":"de_DE","og_type":"article","og_title":"Rechtlicher Hinweis - Tenerife Realty","og_description":"Rechtlicher Hinweis Identifizierung der f\u00fcr die Website verantwortlichen Person Die vorliegenden Bestimmungen regeln die Nutzung des Dienstes des Internetportals teneriferealty.es, [&hellip;]","og_url":"https:\/\/teneriferealty.es\/de\/rechtlicher-hinweis\/","og_site_name":"Tenerife Realty","article_modified_time":"2026-01-23T12:34:58+00:00","twitter_card":"summary_large_image","twitter_misc":{"Gesch\u00e4tzte Lesezeit":"6\u00a0Minuten"},"schema":{"@context":"https:\/\/schema.org","@graph":[{"@type":"WebPage","@id":"https:\/\/teneriferealty.es\/de\/rechtlicher-hinweis\/","url":"https:\/\/teneriferealty.es\/de\/rechtlicher-hinweis\/","name":"Rechtlicher Hinweis - Tenerife Realty","isPartOf":{"@id":"https:\/\/teneriferealty.es\/de\/#website"},"datePublished":"2025-10-02T08:36:35+00:00","dateModified":"2026-01-23T12:34:58+00:00","breadcrumb":{"@id":"https:\/\/teneriferealty.es\/de\/rechtlicher-hinweis\/#breadcrumb"},"inLanguage":"de","potentialAction":[{"@type":"ReadAction","target":["https:\/\/teneriferealty.es\/de\/rechtlicher-hinweis\/"]}]},{"@type":"BreadcrumbList","@id":"https:\/\/teneriferealty.es\/de\/rechtlicher-hinweis\/#breadcrumb","itemListElement":[{"@type":"ListItem","position":1,"name":"Hauptseite","item":"https:\/\/teneriferealty.es\/de\/startseite\/"},{"@type":"ListItem","position":2,"name":"Rechtlicher Hinweis"}]},{"@type":"WebSite","@id":"https:\/\/teneriferealty.es\/de\/#website","url":"https:\/\/teneriferealty.es\/de\/","name":"Tenerife Realty","description":"Luxus-Immobilien auf Teneriffa","publisher":{"@id":"https:\/\/teneriferealty.es\/de\/#organization"},"potentialAction":[{"@type":"SearchAction","target":{"@type":"EntryPoint","urlTemplate":"https:\/\/teneriferealty.es\/de\/?s={search_term_string}"},"query-input":{"@type":"PropertyValueSpecification","valueRequired":true,"valueName":"search_term_string"}}],"inLanguage":"de"},{"@type":"Organization","@id":"https:\/\/teneriferealty.es\/de\/#organization","name":"Tenerife Realty","url":"https:\/\/teneriferealty.es\/de\/","logo":{"@type":"ImageObject","inLanguage":"de","@id":"https:\/\/teneriferealty.es\/de\/#\/schema\/logo\/image\/","url":"https:\/\/teneriferealty.es\/wp-content\/uploads\/2025\/09\/tenerife-realty-logo.png","contentUrl":"https:\/\/teneriferealty.es\/wp-content\/uploads\/2025\/09\/tenerife-realty-logo.png","width":394,"height":34,"caption":"Tenerife Realty"},"image":{"@id":"https:\/\/teneriferealty.es\/de\/#\/schema\/logo\/image\/"}}]}},"_links":{"self":[{"href":"https:\/\/teneriferealty.es\/de\/wp-json\/wp\/v2\/pages\/1812","targetHints":{"allow":["GET"]}}],"collection":[{"href":"https:\/\/teneriferealty.es\/de\/wp-json\/wp\/v2\/pages"}],"about":[{"href":"https:\/\/teneriferealty.es\/de\/wp-json\/wp\/v2\/types\/page"}],"author":[{"embeddable":true,"href":"https:\/\/teneriferealty.es\/de\/wp-json\/wp\/v2\/users\/1"}],"replies":[{"embeddable":true,"href":"https:\/\/teneriferealty.es\/de\/wp-json\/wp\/v2\/comments?post=1812"}],"version-history":[{"count":4,"href":"https:\/\/teneriferealty.es\/de\/wp-json\/wp\/v2\/pages\/1812\/revisions"}],"predecessor-version":[{"id":2498,"href":"https:\/\/teneriferealty.es\/de\/wp-json\/wp\/v2\/pages\/1812\/revisions\/2498"}],"wp:attachment":[{"href":"https:\/\/teneriferealty.es\/de\/wp-json\/wp\/v2\/media?parent=1812"}],"curies":[{"name":"wp","href":"https:\/\/api.w.org\/{rel}","templated":true}]}}